{"id":501,"date":"2023-11-16T09:16:04","date_gmt":"2023-11-16T09:16:04","guid":{"rendered":"https:\/\/shtheme.com\/demosd\/teeno\/?page_id=501"},"modified":"2026-02-02T17:04:46","modified_gmt":"2026-02-02T16:04:46","slug":"per-ne","status":"publish","type":"page","link":"https:\/\/swinto.com\/en\/per-ne\/","title":{"rendered":"About Us"},"content":{"rendered":"<div data-elementor-type=\"wp-page\" data-elementor-id=\"501\" class=\"elementor elementor-501\">\n\t\t\t\t\t\t<section class=\"elementor-section elementor-top-section elementor-element elementor-element-f5adc5d elementor-section-full_width elementor-section-height-default elementor-section-height-default\" data-id=\"f5adc5d\" data-element_type=\"section\" data-e-type=\"section\">\n\t\t\t\t\t\t<div class=\"elementor-container elementor-column-gap-no\">\n\t\t\t\t\t<div class=\"elementor-column elementor-col-100 elementor-top-column elementor-element elementor-element-f4ecaaf\" data-id=\"f4ecaaf\" data-element_type=\"column\" data-e-type=\"column\">\n\t\t\t<div class=\"elementor-widget-wrap elementor-element-populated\">\n\t\t\t\t\t\t<div class=\"elementor-element elementor-element-dff34cc elementor-align-left elementor-widget elementor-widget-bdevs-title-widget\" data-id=\"dff34cc\" data-element_type=\"widget\" data-e-type=\"widget\" data-widget_type=\"bdevs-title-widget.default\">\n\t\t\t\t<div class=\"elementor-widget-container\">\n\t\t\t\t\t<div class=\"page-title-area pb-100 bg-light bg-img\" data-bg-image=\"http:\/\/swinto.com\/wp-content\/uploads\/2025\/06\/BG-WHITE-2.png\" style=\"background: url(http:\/\/swinto.com\/wp-content\/uploads\/2025\/06\/BG-WHITE-2.png);\">\n    <div class=\"container\">\n        <div class=\"content text-center\">\n            <h2>About Us<\/h2>\n            <nav aria-label=\"breadcrumb\">\n                <ol class=\"breadcrumb\">\n                    <li class=\"breadcrumb-item\"><a href=\"https:\/\/swinto.com\/en\/\">Home<\/a><\/li>\n                    <li class=\"breadcrumb-item active\" aria-current=\"page\">About Us<\/li>\n                <\/ol>\n            <\/nav>\n        <\/div>\n    <\/div>\n    <!-- Bg colors -->\n    <svg class=\"mw-100 bg bg-1\" data-src=\"\" data-unique-ids=\"disabled\"\n        data-cache=\"disabled\"><\/svg>\n    <svg class=\"mw-100 bg bg-2\" data-src=\"\" data-unique-ids=\"disabled\"\n        data-cache=\"disabled\"><\/svg>\n<\/div>\n\n\t\t\t\t<\/div>\n\t\t\t\t<\/div>\n\t\t\t\t\t<\/div>\n\t\t<\/div>\n\t\t\t\t\t<\/div>\n\t\t<\/section>\n\t\t\t\t<section class=\"elementor-section elementor-top-section elementor-element elementor-element-8975af5 elementor-section-full_width elementor-section-height-default elementor-section-height-default\" data-id=\"8975af5\" data-element_type=\"section\" data-e-type=\"section\">\n\t\t\t\t\t\t<div class=\"elementor-container elementor-column-gap-no\">\n\t\t\t\t\t<div class=\"elementor-column elementor-col-100 elementor-top-column elementor-element elementor-element-1854ca3\" data-id=\"1854ca3\" data-element_type=\"column\" data-e-type=\"column\">\n\t\t\t<div class=\"elementor-widget-wrap elementor-element-populated\">\n\t\t\t\t\t\t<div class=\"elementor-element elementor-element-4be4fef elementor-align-left elementor-widget elementor-widget-bdevs-about-widget\" data-id=\"4be4fef\" data-element_type=\"widget\" data-e-type=\"widget\" data-widget_type=\"bdevs-about-widget.default\">\n\t\t\t\t<div class=\"elementor-widget-container\">\n\t\t\t\t\t<section class=\"about-area about-1 pt-100 pb-60\">\n    <div class=\"container\">\n        <div class=\"row align-items-center gx-xl-5\">\n            <div class=\"col-lg-6\" data-aos=\"fade-up\">\n                <div class=\"image mb-40 js-tilt\">\n                    <img class=\"lazyload blur-up\" data-src=\"http:\/\/swinto.com\/wp-content\/uploads\/2025\/02\/TELEFONAT-1.png\" alt=\"Image\">\n                <\/div>\n            <\/div>\n            <div class=\"col-lg-6\" data-aos=\"fade-up\">\n                <div class=\"content-title mb-40\">\n                    <span class=\"subtitle color-primary\">Get to know the Application<\/span>\n                    <h2 class=\"title mb-30 mt-0\">\n                        Our goal                    <\/h2>\n                    <div class=\"content-text\">\n                        <p>\n                            Swinto si institucion financiar jo-bankar ofron sh\u00ebrbime t\u00eb shpejta, t\u00eb sigurta dhe t\u00eb lehta p\u00ebr p\u00ebrdoruesit, duke mund\u00ebsuar transfere, Kredi online p\u00ebrmes partner\u00ebve, pagesa dhe menaxhim t\u00eb financave 100% online.                        <\/p>\n                    <\/div>\n                    <div class=\"info-list mt-40\">\n                    \t                        <div class=\"card mb-30\">\n                            <div class=\"card-icon border radius-md\">\n                                <i class=\"flaticon-app-installation\"><\/i>\n                            <\/div>\n                            <div class=\"card-content\">\n                                <h6 class=\"card-title mb-2\">Easy registration process<\/h6>\n                                <p class=\"card-text\">Registration only takes a few minutes.<\/p>\n                            <\/div>\n                        <\/div>\n                                                <div class=\"card mb-30\">\n                            <div class=\"card-icon border radius-md\">\n                                <i class=\"flaticon-version\"><\/i>\n                            <\/div>\n                            <div class=\"card-content\">\n                                <h6 class=\"card-title mb-2\">Innovative services<\/h6>\n                                <p class=\"card-text\">Innovation in FinTech<\/p>\n                            <\/div>\n                        <\/div>\n                                            <\/div>\n                    <div class=\"btn-groups gap-25 mt-10\" data-aos=\"fade-up\">\n                        <a href=\"?page_id=507\" class=\"btn btn-lg btn-primary icon-end\" title=\"Learn More\" target=\"_self\">More <i class=\"fal fa-long-arrow-right\"><\/i><\/a>\n                    <\/div>\n                <\/div>\n            <\/div>\n        <\/div>\n    <\/div>\n<\/section>\n\t\t\t\t<\/div>\n\t\t\t\t<\/div>\n\t\t\t\t\t<\/div>\n\t\t<\/div>\n\t\t\t\t\t<\/div>\n\t\t<\/section>\n\t\t\t\t<section class=\"elementor-section elementor-top-section elementor-element elementor-element-5d69bad elementor-section-full_width elementor-section-height-default elementor-section-height-default\" data-id=\"5d69bad\" data-element_type=\"section\" data-e-type=\"section\">\n\t\t\t\t\t\t<div class=\"elementor-container elementor-column-gap-no\">\n\t\t\t\t\t<div class=\"elementor-column elementor-col-100 elementor-top-column elementor-element elementor-element-2aeadc7\" data-id=\"2aeadc7\" data-element_type=\"column\" data-e-type=\"column\">\n\t\t\t<div class=\"elementor-widget-wrap elementor-element-populated\">\n\t\t\t\t\t\t<div class=\"elementor-element elementor-element-259358f elementor-align-left elementor-widget elementor-widget-bdevs-choose-widget\" data-id=\"259358f\" data-element_type=\"widget\" data-e-type=\"widget\" data-widget_type=\"bdevs-choose-widget.default\">\n\t\t\t\t<div class=\"elementor-widget-container\">\n\t\t\t\t\t<section class=\"choose-area choose-1 ptb-60\">\n    <div class=\"container\">\n        <div class=\"row align-items-center gx-xl-5\">\n            <div class=\"col-lg-6\" data-aos=\"fade-up\">\n                <div class=\"image mb-40\">\n                    <img class=\"lazyload blur-up js-tilt\" data-src=\"http:\/\/swinto.com\/wp-content\/uploads\/2025\/02\/TELEFONAT-2-2.png\" alt=\"Image\">\n                <\/div>\n            <\/div>\n            <div class=\"col-lg-6 order-lg-first\" data-aos=\"fade-up\">\n                <div class=\"content-title mb-40\">\n                    <span class=\"subtitle color-primary\">Who are we?<\/span>\n                    <h2 class=\"title mb-30 mt-0\">\n                        Swinto is more than an app                    <\/h2>\n                    <div class=\"content-text\">\n                        <p>\n                            Swinto App is a platform of the Swinto Sh.A institution which operates in Kosovo, and is licensed by the Central Bank of Kosovo as a Non-Banking Financial Institution.                        <\/p>\n                    <\/div>\n                    <ul class=\"info-list list-unstyled mt-20\">\n                    \t\t                        <li>\n\t                            <i class=\"far fa-dot-circle\"><\/i>\n\t                            Transfers\t                        <\/li>\n                    \t\t                        <li>\n\t                            <i class=\"far fa-dot-circle\"><\/i>\n\t                            Kredi p\u00ebrmes partner\u00ebve\t                        <\/li>\n                    \t\t                        <li>\n\t                            <i class=\"far fa-dot-circle\"><\/i>\n\t                            QR Code payments\t                        <\/li>\n                    \t\t                        <li>\n\t                            <i class=\"far fa-dot-circle\"><\/i>\n\t                            Institutional Payments\t                        <\/li>\n                    \t                    <\/ul>\n                    <div class=\"btn-groups gap-25 mt-40\" data-aos=\"fade-up\">\n                        <a href=\"?page_id=595\" class=\"btn btn-lg btn-primary\" title=\"Download App\" target=\"_self\">Contact<\/a>\n                        <a href=\"https:\/\/www.youtube.com\/watch?v=MZ_piqaNWAg\" class=\"video-btn video-btn-text video-btn-sm youtube-popup\" target=\"_self\" title=\"Show Video\">\n                            <i class=\"fas fa-play\"><\/i>\n                            <span>Swinto App<\/span> \n                        <\/a>\n                    <\/div>\n                <\/div>\n            <\/div>\n        <\/div>\n    <\/div>\n<\/section>\n\t\t\t\t<\/div>\n\t\t\t\t<\/div>\n\t\t\t\t\t<\/div>\n\t\t<\/div>\n\t\t\t\t\t<\/div>\n\t\t<\/section>\n\t\t\t\t<\/div>","protected":false},"excerpt":{"rendered":"<p>P\u00ebr Ne Ballina P\u00ebr Ne Njoftohu me Aplikacionin Q\u00ebllimi yn\u00eb Swinto si institucion financiar jo-bankar ofron sh\u00ebrbime t\u00eb shpejta, t\u00eb sigurta dhe t\u00eb lehta p\u00ebr p\u00ebrdoruesit, duke mund\u00ebsuar transfere, Kredi online p\u00ebrmes partner\u00ebve, pagesa dhe menaxhim t\u00eb financave 100% online. Procesi i leht\u00eb i regjistrimit Regjistrimi zgjat\u00eb vet\u00ebm disa minuta Sh\u00ebrbime inovative Inovacion n\u00eb FinTech [&hellip;]<\/p>\n","protected":false},"author":1,"featured_media":1357,"parent":0,"menu_order":0,"comment_status":"closed","ping_status":"closed","template":"page-templates\/home-template.php","meta":{"inline_featured_image":false,"footnotes":""},"class_list":["post-501","page","type-page","status-publish","has-post-thumbnail","hentry"],"_links":{"self":[{"href":"https:\/\/swinto.com\/en\/wp-json\/wp\/v2\/pages\/501","targetHints":{"allow":["GET"]}}],"collection":[{"href":"https:\/\/swinto.com\/en\/wp-json\/wp\/v2\/pages"}],"about":[{"href":"https:\/\/swinto.com\/en\/wp-json\/wp\/v2\/types\/page"}],"author":[{"embeddable":true,"href":"https:\/\/swinto.com\/en\/wp-json\/wp\/v2\/users\/1"}],"replies":[{"embeddable":true,"href":"https:\/\/swinto.com\/en\/wp-json\/wp\/v2\/comments?post=501"}],"version-history":[{"count":102,"href":"https:\/\/swinto.com\/en\/wp-json\/wp\/v2\/pages\/501\/revisions"}],"predecessor-version":[{"id":2352,"href":"https:\/\/swinto.com\/en\/wp-json\/wp\/v2\/pages\/501\/revisions\/2352"}],"wp:featuredmedia":[{"embeddable":true,"href":"https:\/\/swinto.com\/en\/wp-json\/wp\/v2\/media\/1357"}],"wp:attachment":[{"href":"https:\/\/swinto.com\/en\/wp-json\/wp\/v2\/media?parent=501"}],"curies":[{"name":"wp","href":"https:\/\/api.w.org\/{rel}","templated":true}]}}