{"id":44,"date":"2023-11-07T07:14:32","date_gmt":"2023-11-07T07:14:32","guid":{"rendered":"https:\/\/shtheme.com\/demosd\/teeno\/?page_id=44"},"modified":"2025-02-19T14:19:41","modified_gmt":"2025-02-19T14:19:41","slug":"blog-grid","status":"publish","type":"page","link":"https:\/\/swinto.com\/en\/blog-grid\/","title":{"rendered":"Blog Grid"},"content":{"rendered":"<div data-elementor-type=\"wp-page\" data-elementor-id=\"44\" class=\"elementor elementor-44\">\n\t\t\t\t\t\t<section class=\"elementor-section elementor-top-section elementor-element elementor-element-8705b28 elementor-section-full_width elementor-section-height-default elementor-section-height-default\" data-id=\"8705b28\" data-element_type=\"section\" data-e-type=\"section\">\n\t\t\t\t\t\t<div class=\"elementor-container elementor-column-gap-no\">\n\t\t\t\t\t<div class=\"elementor-column elementor-col-100 elementor-top-column elementor-element elementor-element-816b3e0\" data-id=\"816b3e0\" data-element_type=\"column\" data-e-type=\"column\">\n\t\t\t<div class=\"elementor-widget-wrap elementor-element-populated\">\n\t\t\t\t\t\t<div class=\"elementor-element elementor-element-7161786 elementor-align-left elementor-widget elementor-widget-bdevs-title-widget\" data-id=\"7161786\" data-element_type=\"widget\" data-e-type=\"widget\" data-widget_type=\"bdevs-title-widget.default\">\n\t\t\t\t<div class=\"elementor-widget-container\">\n\t\t\t\t\t<div class=\"page-title-area pb-100 bg-light bg-img\" data-bg-image=\"http:\/\/3.79.246.167\/wp-content\/uploads\/2025\/02\/FOTO-1.5.png\" style=\"background: url(http:\/\/3.79.246.167\/wp-content\/uploads\/2025\/02\/FOTO-1.5.png);\">\n    <div class=\"container\">\n        <div class=\"content text-center\">\n            <h2>Blog<\/h2>\n            <nav aria-label=\"breadcrumb\">\n                <ol class=\"breadcrumb\">\n                    <li class=\"breadcrumb-item\"><a href=\"?teeno\">Home<\/a><\/li>\n                    <li class=\"breadcrumb-item active\" aria-current=\"page\">Blog<\/li>\n                <\/ol>\n            <\/nav>\n        <\/div>\n    <\/div>\n    <!-- Bg colors -->\n    <svg class=\"mw-100 bg bg-1\" data-src=\"\" data-unique-ids=\"disabled\"\n        data-cache=\"disabled\"><\/svg>\n    <svg class=\"mw-100 bg bg-2\" data-src=\"\" data-unique-ids=\"disabled\"\n        data-cache=\"disabled\"><\/svg>\n<\/div>\n\n\t\t\t\t<\/div>\n\t\t\t\t<\/div>\n\t\t\t\t\t<\/div>\n\t\t<\/div>\n\t\t\t\t\t<\/div>\n\t\t<\/section>\n\t\t\t\t<section class=\"elementor-section elementor-top-section elementor-element elementor-element-ac1ba11 elementor-section-full_width elementor-section-height-default elementor-section-height-default\" data-id=\"ac1ba11\" data-element_type=\"section\" data-e-type=\"section\">\n\t\t\t\t\t\t<div class=\"elementor-container elementor-column-gap-no\">\n\t\t\t\t\t<div class=\"elementor-column elementor-col-100 elementor-top-column elementor-element elementor-element-9e760d0\" data-id=\"9e760d0\" data-element_type=\"column\" data-e-type=\"column\">\n\t\t\t<div class=\"elementor-widget-wrap elementor-element-populated\">\n\t\t\t\t\t\t<div class=\"elementor-element elementor-element-3f9f205 elementor-align-left elementor-widget elementor-widget-bdevs-blog-widget\" data-id=\"3f9f205\" data-element_type=\"widget\" data-e-type=\"widget\" data-widget_type=\"bdevs-blog-widget.default\">\n\t\t\t\t<div class=\"elementor-widget-container\">\n\t\t\t\t\t<div class=\"blog-area blog-1 ptb-100\">\r\n    <div class=\"container\">\r\n        <div class=\"row\">\r\n                                    <div class=\"col-md-6 col-lg-4\" data-aos=\"fade-up\">\r\n                <article class=\"card mb-25 radius-md\">\r\n                    <div class=\"card-img\">\r\n                        <a href=\"https:\/\/swinto.com\/en\/kredi-online\/\" target=\"_self\" title=\"Swinto App\" class=\"lazy-container ratio ratio-1-1\">\r\n                            <img decoding=\"async\" class=\"lazyload\" src=\"https:\/\/swinto.com\/wp-content\/uploads\/2026\/01\/COVER-PHOTO-VIRTUS.png\" data-src=\"https:\/\/swinto.com\/wp-content\/uploads\/2026\/01\/COVER-PHOTO-VIRTUS.png\" alt=\"Blog Image\">\r\n                        <\/a>\r\n                    <\/div>\r\n                    <div class=\"card-content radius-md p-25 text-center bg-white\">\r\n                        <h5 class=\"card-title lc-2 mb-15\">\r\n                            <a href=\"https:\/\/swinto.com\/en\/kredi-online\/\" target=\"_self\" title=\"Swinto App\">\r\n                                Apliko p\u00ebr Kredi Online                            <\/a>\r\n                        <\/h5>\r\n                        <a href=\"https:\/\/swinto.com\/en\/kredi-online\/\" class=\"btn-text color-primary\" target=\"_self\" title=\"Read More\">\r\n                        \t                            Read More                                                \t<\/a>\r\n                    <\/div>\r\n                <\/article>\r\n            <\/div>\r\n                                    <div class=\"col-md-6 col-lg-4\" data-aos=\"fade-up\">\r\n                <article class=\"card mb-25 radius-md\">\r\n                    <div class=\"card-img\">\r\n                        <a href=\"https:\/\/swinto.com\/en\/transfere-sepa\/\" target=\"_self\" title=\"Swinto App\" class=\"lazy-container ratio ratio-1-1\">\r\n                            <img decoding=\"async\" class=\"lazyload\" src=\"https:\/\/swinto.com\/wp-content\/uploads\/2025\/05\/SEPA-1-1.jpg\" data-src=\"https:\/\/swinto.com\/wp-content\/uploads\/2025\/05\/SEPA-1-1.jpg\" alt=\"Blog Image\">\r\n                        <\/a>\r\n                    <\/div>\r\n                    <div class=\"card-content radius-md p-25 text-center bg-white\">\r\n                        <h5 class=\"card-title lc-2 mb-15\">\r\n                            <a href=\"https:\/\/swinto.com\/en\/transfere-sepa\/\" target=\"_self\" title=\"Swinto App\">\r\n                                Transfero para kudo n\u00eb Evrop\u00eb                            <\/a>\r\n                        <\/h5>\r\n                        <a href=\"https:\/\/swinto.com\/en\/transfere-sepa\/\" class=\"btn-text color-primary\" target=\"_self\" title=\"Read More\">\r\n                        \t                            Read More                                                \t<\/a>\r\n                    <\/div>\r\n                <\/article>\r\n            <\/div>\r\n                                    <div class=\"col-md-6 col-lg-4\" data-aos=\"fade-up\">\r\n                <article class=\"card mb-25 radius-md\">\r\n                    <div class=\"card-img\">\r\n                        <a href=\"https:\/\/swinto.com\/en\/transfero-para-nga-zvicra-ne-kosove\/\" target=\"_self\" title=\"Swinto App\" class=\"lazy-container ratio ratio-1-1\">\r\n                            <img decoding=\"async\" class=\"lazyload\" src=\"https:\/\/swinto.com\/wp-content\/uploads\/2025\/03\/SWINTO-CENTI-BLOG-2.png\" data-src=\"https:\/\/swinto.com\/wp-content\/uploads\/2025\/03\/SWINTO-CENTI-BLOG-2.png\" alt=\"Blog Image\">\r\n                        <\/a>\r\n                    <\/div>\r\n                    <div class=\"card-content radius-md p-25 text-center bg-white\">\r\n                        <h5 class=\"card-title lc-2 mb-15\">\r\n                            <a href=\"https:\/\/swinto.com\/en\/transfero-para-nga-zvicra-ne-kosove\/\" target=\"_self\" title=\"Swinto App\">\r\n                                Transfero Para nga Zvicra n\u00eb Kosov\u00eb                            <\/a>\r\n                        <\/h5>\r\n                        <a href=\"https:\/\/swinto.com\/en\/transfero-para-nga-zvicra-ne-kosove\/\" class=\"btn-text color-primary\" target=\"_self\" title=\"Read More\">\r\n                        \t                            Read More                                                \t<\/a>\r\n                    <\/div>\r\n                <\/article>\r\n            <\/div>\r\n                                    <div class=\"col-md-6 col-lg-4\" data-aos=\"fade-up\">\r\n                <article class=\"card mb-25 radius-md\">\r\n                    <div class=\"card-img\">\r\n                        <a href=\"https:\/\/swinto.com\/en\/cka-eshte-swinto\/\" target=\"_self\" title=\"Swinto App\" class=\"lazy-container ratio ratio-1-1\">\r\n                            <img decoding=\"async\" class=\"lazyload\" src=\"https:\/\/swinto.com\/wp-content\/uploads\/2025\/02\/swinto-foto.png\" data-src=\"https:\/\/swinto.com\/wp-content\/uploads\/2025\/02\/swinto-foto.png\" alt=\"Blog Image\">\r\n                        <\/a>\r\n                    <\/div>\r\n                    <div class=\"card-content radius-md p-25 text-center bg-white\">\r\n                        <h5 class=\"card-title lc-2 mb-15\">\r\n                            <a href=\"https:\/\/swinto.com\/en\/cka-eshte-swinto\/\" target=\"_self\" title=\"Swinto App\">\r\n                                \u00c7ka \u00ebsht\u00eb Swinto                            <\/a>\r\n                        <\/h5>\r\n                        <a href=\"https:\/\/swinto.com\/en\/cka-eshte-swinto\/\" class=\"btn-text color-primary\" target=\"_self\" title=\"Read More\">\r\n                        \t                            Read More                                                \t<\/a>\r\n                    <\/div>\r\n                <\/article>\r\n            <\/div>\r\n                    <\/div>\r\n    <\/div>\r\n<\/div>\r\n\t\t\t\t<\/div>\n\t\t\t\t<\/div>\n\t\t\t\t\t<\/div>\n\t\t<\/div>\n\t\t\t\t\t<\/div>\n\t\t<\/section>\n\t\t\t\t<section class=\"elementor-section elementor-top-section elementor-element elementor-element-129e870 elementor-section-full_width elementor-section-height-default elementor-section-height-default\" data-id=\"129e870\" data-element_type=\"section\" data-e-type=\"section\">\n\t\t\t\t\t\t<div class=\"elementor-container elementor-column-gap-no\">\n\t\t\t\t\t<div class=\"elementor-column elementor-col-100 elementor-top-column elementor-element elementor-element-f4e49cc\" data-id=\"f4e49cc\" data-element_type=\"column\" data-e-type=\"column\">\n\t\t\t<div class=\"elementor-widget-wrap elementor-element-populated\">\n\t\t\t\t\t\t<div class=\"elementor-element elementor-element-f36e25b elementor-align-left elementor-widget elementor-widget-bdevs-newsletter-widget\" data-id=\"f36e25b\" data-element_type=\"widget\" data-e-type=\"widget\" data-widget_type=\"bdevs-newsletter-widget.default\">\n\t\t\t\t<div class=\"elementor-widget-container\">\n\t\t\t\t\t<section class=\"newsletter-area newsletter-1\">\r\n    <div class=\"newsletter-inner position-relative z-1 px-60\">\r\n        <div class=\"overlay bg-primary opacity-1\"><\/div>\r\n        <div class=\"container\">\r\n            <div class=\"row align-items-center\" data-aos=\"fade-up\">\r\n                <div class=\"col-lg-6\">\r\n                    <div class=\"content ptb-30\">\r\n                        <h2 class=\"color-white mb-30\"> Download the Swinto App for Free<\/h2>\r\n                        <div class=\"content-text w-75 w-sm-100\">\r\n                            <p class=\"text color-white\">Create a successful financial network\nand manage your money at any time<\/p>\r\n                        <\/div>\r\n                        <div class=\"btn-groups mt-30\">\r\n                            <a href=\"https:\/\/apps.apple.com\/al\/app\/swinto\/id1593659577\" class=\"btn btn-img radius-md\" title=\"App Store\" target=\"_blank\">\r\n                                <img decoding=\"async\" class=\"lazyload blur-up\" src=\"https:\/\/shtheme.com\/demosd\/teeno\/wp-content\/uploads\/2023\/11\/placeholder.png\" data-src=\"https:\/\/shtheme.com\/demosd\/teeno\/wp-content\/uploads\/2023\/11\/app-store.png\" alt=\"App Store\">\r\n                            <\/a>\r\n                            <a href=\"https:\/\/play.google.com\/store\/apps\/details?id=com.swinto.swinto&amp;hl=en\" class=\"btn btn-img radius-md\" title=\"Play Store\" target=\"_blank\">\r\n                                <img decoding=\"async\" class=\"lazyload blur-up\" src=\"https:\/\/shtheme.com\/demosd\/teeno\/wp-content\/uploads\/2023\/11\/placeholder.png\" data-src=\"https:\/\/shtheme.com\/demosd\/teeno\/wp-content\/uploads\/2023\/11\/play-store.png\" alt=\"App Store\">\r\n                            <\/a>\r\n                        <\/div>\r\n                    <\/div>\r\n                <\/div>\r\n                <div class=\"col-lg-6 align-self-end\">\r\n                    <div class=\"image d-none d-lg-block\">\r\n                        <img decoding=\"async\" class=\"lazyload blur-up\" src=\"https:\/\/shtheme.com\/demosd\/teeno\/wp-content\/uploads\/2023\/11\/placeholder.png\" data-src=\"http:\/\/3.79.246.167\/wp-content\/uploads\/2025\/02\/TELEFONAT-1-1.png\" alt=\"Image\">\r\n                    <\/div>\r\n                <\/div>\r\n            <\/div>\r\n        <\/div>\r\n    <\/div>\r\n<\/section>\r\n\t\t\t\t<\/div>\n\t\t\t\t<\/div>\n\t\t\t\t\t<\/div>\n\t\t<\/div>\n\t\t\t\t\t<\/div>\n\t\t<\/section>\n\t\t\t\t<\/div>","protected":false},"excerpt":{"rendered":"<p>Blogu Ballina Blogu \u00c7ka \u00ebsht\u00eb Swinto Lexo m\u00eb shum\u00eb Shkarko Aplikacionin Swinto Falas Krijo nj\u00eb rrjet financiar t\u00eb suksessh\u00ebm dhe menaxho parat\u00eb tuaja n\u00eb \u00e7do moment<\/p>","protected":false},"author":1,"featured_media":1357,"parent":0,"menu_order":0,"comment_status":"closed","ping_status":"closed","template":"page-templates\/home-template.php","meta":{"inline_featured_image":false,"footnotes":""},"class_list":["post-44","page","type-page","status-publish","has-post-thumbnail","hentry"],"_links":{"self":[{"href":"https:\/\/swinto.com\/en\/wp-json\/wp\/v2\/pages\/44","targetHints":{"allow":["GET"]}}],"collection":[{"href":"https:\/\/swinto.com\/en\/wp-json\/wp\/v2\/pages"}],"about":[{"href":"https:\/\/swinto.com\/en\/wp-json\/wp\/v2\/types\/page"}],"author":[{"embeddable":true,"href":"https:\/\/swinto.com\/en\/wp-json\/wp\/v2\/users\/1"}],"replies":[{"embeddable":true,"href":"https:\/\/swinto.com\/en\/wp-json\/wp\/v2\/comments?post=44"}],"version-history":[{"count":13,"href":"https:\/\/swinto.com\/en\/wp-json\/wp\/v2\/pages\/44\/revisions"}],"predecessor-version":[{"id":1599,"href":"https:\/\/swinto.com\/en\/wp-json\/wp\/v2\/pages\/44\/revisions\/1599"}],"wp:featuredmedia":[{"embeddable":true,"href":"https:\/\/swinto.com\/en\/wp-json\/wp\/v2\/media\/1357"}],"wp:attachment":[{"href":"https:\/\/swinto.com\/en\/wp-json\/wp\/v2\/media?parent=44"}],"curies":[{"name":"wp","href":"https:\/\/api.w.org\/{rel}","templated":true}]}}