{"id":2333,"date":"2026-01-21T11:19:11","date_gmt":"2026-01-21T10:19:11","guid":{"rendered":"https:\/\/swinto.com\/?page_id=2333"},"modified":"2026-01-21T11:28:52","modified_gmt":"2026-01-21T10:28:52","slug":"transfere-ne-evrope","status":"publish","type":"page","link":"https:\/\/swinto.com\/en\/transfere-ne-evrope\/","title":{"rendered":"Evrop\u00eb"},"content":{"rendered":"<div data-elementor-type=\"wp-page\" data-elementor-id=\"2333\" class=\"elementor elementor-2333\">\n\t\t\t\t\t\t<section class=\"elementor-section elementor-top-section elementor-element elementor-element-f5adc5d elementor-section-full_width elementor-section-height-default elementor-section-height-default\" data-id=\"f5adc5d\" data-element_type=\"section\" data-e-type=\"section\">\n\t\t\t\t\t\t<div class=\"elementor-container elementor-column-gap-no\">\n\t\t\t\t\t<div class=\"elementor-column elementor-col-100 elementor-top-column elementor-element elementor-element-f4ecaaf\" data-id=\"f4ecaaf\" data-element_type=\"column\" data-e-type=\"column\">\n\t\t\t<div class=\"elementor-widget-wrap elementor-element-populated\">\n\t\t\t\t\t\t<div class=\"elementor-element elementor-element-dff34cc elementor-align-left elementor-widget elementor-widget-bdevs-title-widget\" data-id=\"dff34cc\" data-element_type=\"widget\" data-e-type=\"widget\" data-widget_type=\"bdevs-title-widget.default\">\n\t\t\t\t<div class=\"elementor-widget-container\">\n\t\t\t\t\t<div class=\"page-title-area pb-100 bg-light bg-img\" data-bg-image=\"http:\/\/swinto.com\/wp-content\/uploads\/2025\/06\/BG-WHITE-2.png\" style=\"background: url(http:\/\/swinto.com\/wp-content\/uploads\/2025\/06\/BG-WHITE-2.png);\">\n    <div class=\"container\">\n        <div class=\"content text-center\">\n            <h2>Transfere Evropiane<\/h2>\n            <nav aria-label=\"breadcrumb\">\n                <ol class=\"breadcrumb\">\n                    <li class=\"breadcrumb-item\"><a href=\"https:\/\/swinto.com\/en\/\">Home<\/a><\/li>\n                    <li class=\"breadcrumb-item active\" aria-current=\"page\">Transfere Evropiane<\/li>\n                <\/ol>\n            <\/nav>\n        <\/div>\n    <\/div>\n    <!-- Bg colors -->\n    <svg class=\"mw-100 bg bg-1\" data-src=\"\" data-unique-ids=\"disabled\"\n        data-cache=\"disabled\"><\/svg>\n    <svg class=\"mw-100 bg bg-2\" data-src=\"\" data-unique-ids=\"disabled\"\n        data-cache=\"disabled\"><\/svg>\n<\/div>\n\n\t\t\t\t<\/div>\n\t\t\t\t<\/div>\n\t\t\t\t\t<\/div>\n\t\t<\/div>\n\t\t\t\t\t<\/div>\n\t\t<\/section>\n\t\t<div class=\"elementor-element elementor-element-3441b55 e-flex e-con-boxed e-con e-parent\" data-id=\"3441b55\" data-element_type=\"container\" data-e-type=\"container\">\n\t\t\t\t\t<div class=\"e-con-inner\">\n\t\t\t\t<div class=\"elementor-element elementor-element-6731205 e-transform elementor-align-left elementor-widget elementor-widget-bdevs-about-widget\" data-id=\"6731205\" data-element_type=\"widget\" data-e-type=\"widget\" data-settings=\"{&quot;_transform_scale_effect&quot;:{&quot;unit&quot;:&quot;px&quot;,&quot;size&quot;:1.18,&quot;sizes&quot;:[]},&quot;_transform_scale_effect_tablet&quot;:{&quot;unit&quot;:&quot;px&quot;,&quot;size&quot;:&quot;&quot;,&quot;sizes&quot;:[]},&quot;_transform_scale_effect_mobile&quot;:{&quot;unit&quot;:&quot;px&quot;,&quot;size&quot;:&quot;&quot;,&quot;sizes&quot;:[]}}\" data-widget_type=\"bdevs-about-widget.default\">\n\t\t\t\t<div class=\"elementor-widget-container\">\n\t\t\t\t\t<section class=\"about-area about-1 pt-100 pb-60\">\n    <div class=\"container\">\n        <div class=\"row align-items-center gx-xl-5\">\n            <div class=\"col-lg-6\" data-aos=\"fade-up\">\n                <div class=\"image mb-40 js-tilt\">\n                    <img class=\"lazyload blur-up\" data-src=\"http:\/\/swinto.com\/wp-content\/uploads\/2026\/01\/WEB.png\" alt=\"Image\">\n                <\/div>\n            <\/div>\n            <div class=\"col-lg-6\" data-aos=\"fade-up\">\n                <div class=\"content-title mb-40\">\n                    <span class=\"subtitle color-primary\">Swinto | Sepa<\/span>\n                    <h2 class=\"title mb-30 mt-0\">\n                        Transfero para kudo n\u00eb Evrop\u00eb                    <\/h2>\n                    <div class=\"content-text\">\n                        <p>\n                            Transfero para brenda 10 sekondave me SEPA Instant, Me Swinto, transferet n\u00eb Evrop\u00eb realizohen 24\/7. D\u00ebrgo dhe prano para, kudo dhe kurdo,\nshpejt, thjesht dhe me nj\u00eb klik.                        <\/p>\n                    <\/div>\n                    <div class=\"info-list mt-40\">\n                    \t                        <div class=\"card mb-30\">\n                            <div class=\"card-icon border radius-md\">\n                                <i class=\"fas fa-euro-sign\"><\/i>\n                            <\/div>\n                            <div class=\"card-content\">\n                                <h6 class=\"card-title mb-2\">3\u20ac<\/h6>\n                                <p class=\"card-text\">Pavar\u00ebsisht shum\u00ebs (Individ)<\/p>\n                            <\/div>\n                        <\/div>\n                                                <div class=\"card mb-30\">\n                            <div class=\"card-icon border radius-md\">\n                                <i class=\"fas fa-euro-sign\"><\/i>\n                            <\/div>\n                            <div class=\"card-content\">\n                                <h6 class=\"card-title mb-2\">5\u20ac<\/h6>\n                                <p class=\"card-text\">Pavar\u00ebsisht shum\u00ebs (Biznes)<\/p>\n                            <\/div>\n                        <\/div>\n                                            <\/div>\n                    <div class=\"btn-groups gap-25 mt-10\" data-aos=\"fade-up\">\n                        <a href=\"https:\/\/portal.swinto.com\/register\" class=\"btn btn-lg btn-primary icon-end\" title=\"Learn More\" target=\"_self\">Hap Llogari Tani <i class=\"fal fa-long-arrow-right\"><\/i><\/a>\n                    <\/div>\n                <\/div>\n            <\/div>\n        <\/div>\n    <\/div>\n<\/section>\n\t\t\t\t<\/div>\n\t\t\t\t<\/div>\n\t\t\t\t\t<\/div>\n\t\t\t\t<\/div>\n\t\t<div class=\"elementor-element elementor-element-fddcd4b e-flex e-con-boxed e-con e-parent\" data-id=\"fddcd4b\" data-element_type=\"container\" data-e-type=\"container\">\n\t\t\t\t\t<div class=\"e-con-inner\">\n\t\t\t\t<div class=\"elementor-element elementor-element-1e1a1e1 elementor-widget elementor-widget-heading\" data-id=\"1e1a1e1\" data-element_type=\"widget\" data-e-type=\"widget\" data-widget_type=\"heading.default\">\n\t\t\t\t<div class=\"elementor-widget-container\">\n\t\t\t\t\t<h2 class=\"elementor-heading-title elementor-size-default\">Pyetje t\u00eb Shpeshta<\/h2>\t\t\t\t<\/div>\n\t\t\t\t<\/div>\n\t\t\t\t\t<\/div>\n\t\t\t\t<\/div>\n\t\t<div class=\"elementor-element elementor-element-752e6b4 e-flex e-con-boxed e-con e-parent\" data-id=\"752e6b4\" data-element_type=\"container\" data-e-type=\"container\">\n\t\t\t\t\t<div class=\"e-con-inner\">\n\t\t\t\t<div class=\"elementor-element elementor-element-5d3ee35 elementor-widget elementor-widget-ucaddon_content_accordion\" data-id=\"5d3ee35\" data-element_type=\"widget\" data-e-type=\"widget\" data-widget_type=\"ucaddon_content_accordion.default\">\n\t\t\t\t<div class=\"elementor-widget-container\">\n\t\t\t\t\t\n<!-- start Content Accordion -->\n\t\t<link id='font-awesome-css' href='https:\/\/swinto.com\/wp-content\/plugins\/unlimited-elements-for-elementor\/assets_libraries\/font-awesome6\/fontawesome-all.min.css' type='text\/css' rel='stylesheet' >\n\t\t<link id='font-awesome-4-shim-css' href='https:\/\/swinto.com\/wp-content\/plugins\/unlimited-elements-for-elementor\/assets_libraries\/font-awesome6\/fontawesome-v4-shims.min.css' type='text\/css' rel='stylesheet' >\n\n<style>\/* widget: Content Accordion *\/\n\n\n\n#uc_content_accordion_elementor_5d3ee35 *{\n  box-sizing: border-box;\n}\n\n#uc_content_accordion_elementor_5d3ee35 .ue_heading_title{\n  margin:0;\n  flex-grow:1;\n  display:flex;\n  flex-direction:row;\n}\n\n#uc_content_accordion_elementor_5d3ee35 .uc_container .uc-heading{\n\tdisplay:flex;\n    align-items:center;\n\toverflow:hidden;\n\tcursor:pointer;  \n}\n\n#uc_content_accordion_elementor_5d3ee35 .uc_container .uc_content{\n    display:none;\n}\n\n#uc_content_accordion_elementor_5d3ee35 .uc_container .uc-heading span.ue_accordion_icon{\n\tdisplay:flex;\n    align-items:center;\n   \tjustify-content:center;\n    flex-grow:0;\n    flex-shrink:0;\n}\n\n#uc_content_accordion_elementor_5d3ee35 .uc_ac_box.uc-item-active span.uc_dactive{\n\tdisplay:none;\n}\n\n#uc_content_accordion_elementor_5d3ee35 .uc_ac_box:not(.uc-item-active) span.uc_active{\n\tdisplay:none;\n}\n\n#uc_content_accordion_elementor_5d3ee35 span.ue_accordion_icon svg{\n  height:1em;\n  width:1em;\n}\n\n#uc_content_accordion_elementor_5d3ee35 .uc_container .uc_btn {\n    text-align: center;\n    display: inline-block;\n    text-decoration: none;\n    transition: ease-in-out all 0.25s;\n}\n\n#uc_content_accordion_elementor_5d3ee35 .ue-item-image img{\n  width:100%;\n  display:block;\n  object-fit:cover;\n}\n\n<\/style>\n\n<div class=\"uc_material_accordion\"  id=\"uc_content_accordion_elementor_5d3ee35\"  data-name=\"\" data-scroll=\"off\" data-offset=\"0\" data-closeothers=\"true\" data-set-hash=\"false\" >\n  <div class=\"uc_container uc-items-wrapper\">\n    \n\n\t\t\n\n\n<div id=\"#ue-tab1\" class=\"uc_ac_box elementor-repeater-item-23778b4 uc-item-active\" style=\"background-color:;\">\n  <a href=\"javascript:void(0)\" class=\"uc-heading uc_trigger\" role=\"button\">\n    <span class=\"uc_dactive bbb ue_accordion_icon\"><i class='fas fa-plus'><\/i><\/span> \n    <span class=\"uc_active bbb ue_accordion_icon\"><i class='fas fa-minus'><\/i><\/span>\n    <h6 class=\"ue_heading_title\">A vlen tarifa 3\u20ac edhe p\u00ebr shuma t\u00eb m\u00ebdha?<\/h6>\n  <\/a>\n  \n  <div class=\"uc_content\" style='display:block'>\n        \n      \n         \n                        \n      \n              <div class=\"ue-item-text\"><p>Po. <strong data-start=\"679\" data-end=\"704\">Tarifa \u00ebsht\u00eb fikse 3\u20ac<\/strong>, pavar\u00ebsisht n\u00ebse d\u00ebrgoni 50\u20ac, 500\u20ac apo 5,000\u20ac.<\/p><\/div>\n      \n              \n      <\/div> \n<\/div>\n\n\n\n\n\n<div id=\"#ue-tab2\" class=\"uc_ac_box elementor-repeater-item-f709489\" style=\"background-color:;\">\n  <a href=\"javascript:void(0)\" class=\"uc-heading uc_trigger\" role=\"button\">\n    <span class=\"uc_dactive bbb ue_accordion_icon\"><i class='fas fa-plus'><\/i><\/span> \n    <span class=\"uc_active bbb ue_accordion_icon\"><i class='fas fa-minus'><\/i><\/span>\n    <h6 class=\"ue_heading_title\">\u00c7far\u00eb \u00ebsht\u00eb transferi nd\u00ebrkomb\u00ebtar SEPA?<\/h6>\n  <\/a>\n  \n  <div class=\"uc_content\" >\n        \n      \n         \n                        \n      \n              <div class=\"ue-item-text\"><p><strong data-start=\"255\" data-end=\"291\">SEPA (Single Euro Payments Area)<\/strong> \u00ebsht\u00eb nj\u00eb sistem q\u00eb mund\u00ebson transfere n\u00eb <strong>Euro (\u20ac)<\/strong> mes vendeve evropiane pjes\u00ebmarr\u00ebse, shpejt, sigurt dhe me kosto t\u00eb ul\u00ebt.<\/p><\/div>\n      \n              \n      <\/div> \n<\/div>\n\n\n\n\n\n<div id=\"#ue-tab3\" class=\"uc_ac_box elementor-repeater-item-b781bf5\" style=\"background-color:;\">\n  <a href=\"javascript:void(0)\" class=\"uc-heading uc_trigger\" role=\"button\">\n    <span class=\"uc_dactive bbb ue_accordion_icon\"><i class='fas fa-plus'><\/i><\/span> \n    <span class=\"uc_active bbb ue_accordion_icon\"><i class='fas fa-minus'><\/i><\/span>\n    <h6 class=\"ue_heading_title\">N\u00eb cilat vende mund t\u00eb d\u00ebrgoj para p\u00ebrmes SEPA?<\/h6>\n  <\/a>\n  \n  <div class=\"uc_content\" >\n        \n      \n         \n                        \n      \n              <div class=\"ue-item-text\"><p>Ju mund t\u00eb d\u00ebrgoni transfere SEPA n\u00eb t\u00eb gjitha <strong data-start=\"723\" data-end=\"746\">vendet e zon\u00ebs SEPA<\/strong> (Evrope dhe disa vende t\u00eb tjera evropiane q\u00eb jan\u00eb pjes\u00eb e SEPA-s) poashtu edhe Angli.<\/p><\/div>\n      \n              \n      <\/div> \n<\/div>\n\n\n\n\n\n<div id=\"#ue-tab4\" class=\"uc_ac_box elementor-repeater-item-19df49f\" style=\"background-color:;\">\n  <a href=\"javascript:void(0)\" class=\"uc-heading uc_trigger\" role=\"button\">\n    <span class=\"uc_dactive bbb ue_accordion_icon\"><i class='fas fa-plus'><\/i><\/span> \n    <span class=\"uc_active bbb ue_accordion_icon\"><i class='fas fa-minus'><\/i><\/span>\n    <h6 class=\"ue_heading_title\">A jan\u00eb transferet SEPA me Swinto t\u00eb sigurta?<\/h6>\n  <\/a>\n  \n  <div class=\"uc_content\" >\n        \n      \n         \n                        \n      \n              <div class=\"ue-item-text\"><p>Po. Swinto p\u00ebrdor <strong data-start=\"1312\" data-end=\"1357\">standarde t\u00eb larta sigurie dhe verifikimi<\/strong>, duke garantuar q\u00eb \u00e7do transaksion t\u00eb jet\u00eb i mbrojtur dhe i sigurt.<\/p><\/div>\n      \n              \n      <\/div> \n<\/div>\n\n  <\/div>\n<\/div>\n\n\n<!-- end Content Accordion -->\t\t\t\t<\/div>\n\t\t\t\t<\/div>\n\t\t\t\t\t<\/div>\n\t\t\t\t<\/div>\n\t\t<div class=\"elementor-element elementor-element-e5836fb e-con-full e-flex e-con e-parent\" data-id=\"e5836fb\" data-element_type=\"container\" data-e-type=\"container\">\n\t\t\t\t<div class=\"elementor-element elementor-element-91ca392 elementor-align-left elementor-widget elementor-widget-bdevs-newsletter-widget\" data-id=\"91ca392\" data-element_type=\"widget\" data-e-type=\"widget\" data-widget_type=\"bdevs-newsletter-widget.default\">\n\t\t\t\t<div class=\"elementor-widget-container\">\n\t\t\t\t\t<section class=\"newsletter-area newsletter-1\">\r\n    <div class=\"newsletter-inner position-relative z-1 px-60\">\r\n        <div class=\"overlay bg-primary opacity-1\"><\/div>\r\n        <div class=\"container\">\r\n            <div class=\"row align-items-center\" data-aos=\"fade-up\">\r\n                <div class=\"col-lg-6\">\r\n                    <div class=\"content ptb-30\">\r\n                        <h2 class=\"color-white mb-30\">Download the Swinto App for Free<\/h2>\r\n                        <div class=\"content-text w-75 w-sm-100\">\r\n                            <p class=\"text color-white\">Create a successful financial network\nand manage your money at any time<\/p>\r\n                        <\/div>\r\n                        <div class=\"btn-groups mt-30\">\r\n                            <a href=\"https:\/\/apps.apple.com\/al\/app\/swinto\/id1593659577\" class=\"btn btn-img radius-md\" title=\"App Store\" target=\"_blank\">\r\n                                <img decoding=\"async\" class=\"lazyload blur-up\" src=\"\" data-src=\"http:\/\/swinto.com\/wp-content\/uploads\/2023\/11\/app-store.png\" alt=\"App Store\">\r\n                            <\/a>\r\n                            <a href=\"https:\/\/play.google.com\/store\/apps\/details?id=com.swinto.swinto&amp;hl=en\" class=\"btn btn-img radius-md\" title=\"Play Store\" target=\"_blank\">\r\n                                <img decoding=\"async\" class=\"lazyload blur-up\" src=\"\" data-src=\"http:\/\/swinto.com\/wp-content\/uploads\/2023\/11\/play-store.png\" alt=\"App Store\">\r\n                            <\/a>\r\n                        <\/div>\r\n                    <\/div>\r\n                <\/div>\r\n                <div class=\"col-lg-6 align-self-end\">\r\n                    <div class=\"image d-none d-lg-block\">\r\n                        <img decoding=\"async\" class=\"lazyload blur-up\" src=\"\" data-src=\"http:\/\/swinto.com\/wp-content\/uploads\/2025\/02\/TELEFONAT-1-1.png\" alt=\"Image\">\r\n                    <\/div>\r\n                <\/div>\r\n            <\/div>\r\n        <\/div>\r\n    <\/div>\r\n<\/section>\r\n\t\t\t\t<\/div>\n\t\t\t\t<\/div>\n\t\t\t\t<\/div>\n\t\t\t\t<\/div>","protected":false},"excerpt":{"rendered":"<p>Transfere Evropiane Ballina Transfere Evropiane Swinto | Sepa Transfero para kudo n\u00eb Evrop\u00eb Transfero para brenda 10 sekondave me SEPA Instant, Me Swinto, transferet n\u00eb Evrop\u00eb realizohen 24\/7. D\u00ebrgo dhe prano para, kudo dhe kurdo, shpejt, thjesht dhe me nj\u00eb klik. 3\u20ac Pavar\u00ebsisht shum\u00ebs (Individ) 5\u20ac Pavar\u00ebsisht shum\u00ebs (Biznes) Hap Llogari Tani Pyetje t\u00eb Shpeshta [&hellip;]<\/p>\n","protected":false},"author":1,"featured_media":1357,"parent":0,"menu_order":0,"comment_status":"closed","ping_status":"closed","template":"page-templates\/home-template.php","meta":{"inline_featured_image":false,"footnotes":""},"class_list":["post-2333","page","type-page","status-publish","has-post-thumbnail","hentry"],"_links":{"self":[{"href":"https:\/\/swinto.com\/en\/wp-json\/wp\/v2\/pages\/2333","targetHints":{"allow":["GET"]}}],"collection":[{"href":"https:\/\/swinto.com\/en\/wp-json\/wp\/v2\/pages"}],"about":[{"href":"https:\/\/swinto.com\/en\/wp-json\/wp\/v2\/types\/page"}],"author":[{"embeddable":true,"href":"https:\/\/swinto.com\/en\/wp-json\/wp\/v2\/users\/1"}],"replies":[{"embeddable":true,"href":"https:\/\/swinto.com\/en\/wp-json\/wp\/v2\/comments?post=2333"}],"version-history":[{"count":12,"href":"https:\/\/swinto.com\/en\/wp-json\/wp\/v2\/pages\/2333\/revisions"}],"predecessor-version":[{"id":2346,"href":"https:\/\/swinto.com\/en\/wp-json\/wp\/v2\/pages\/2333\/revisions\/2346"}],"wp:featuredmedia":[{"embeddable":true,"href":"https:\/\/swinto.com\/en\/wp-json\/wp\/v2\/media\/1357"}],"wp:attachment":[{"href":"https:\/\/swinto.com\/en\/wp-json\/wp\/v2\/media?parent=2333"}],"curies":[{"name":"wp","href":"https:\/\/api.w.org\/{rel}","templated":true}]}}