{"id":595,"date":"2023-11-21T02:59:59","date_gmt":"2023-11-21T02:59:59","guid":{"rendered":"https:\/\/shtheme.com\/demosd\/teeno\/?page_id=595"},"modified":"2025-07-15T10:56:40","modified_gmt":"2025-07-15T09:56:40","slug":"kontakti","status":"publish","type":"page","link":"https:\/\/swinto.com\/al\/kontakti\/","title":{"rendered":"Kontakti"},"content":{"rendered":"\t\t<div data-elementor-type=\"wp-page\" data-elementor-id=\"595\" class=\"elementor elementor-595\">\n\t\t\t\t\t\t<section class=\"elementor-section elementor-top-section elementor-element elementor-element-aa498fa elementor-section-full_width elementor-section-height-default elementor-section-height-default\" data-id=\"aa498fa\" data-element_type=\"section\" data-e-type=\"section\">\n\t\t\t\t\t\t<div class=\"elementor-container elementor-column-gap-no\">\n\t\t\t\t\t<div class=\"elementor-column elementor-col-100 elementor-top-column elementor-element elementor-element-1d90e4c\" data-id=\"1d90e4c\" data-element_type=\"column\" data-e-type=\"column\">\n\t\t\t<div class=\"elementor-widget-wrap elementor-element-populated\">\n\t\t\t\t\t\t<div class=\"elementor-element elementor-element-a73fd1c elementor-align-left elementor-widget elementor-widget-bdevs-title-widget\" data-id=\"a73fd1c\" data-element_type=\"widget\" data-e-type=\"widget\" data-widget_type=\"bdevs-title-widget.default\">\n\t\t\t\t<div class=\"elementor-widget-container\">\n\t\t\t\t\t<div class=\"page-title-area pb-100 bg-light bg-img\" data-bg-image=\"http:\/\/swinto.com\/wp-content\/uploads\/2025\/06\/BG-WHITE-2.png\" style=\"background: url(http:\/\/swinto.com\/wp-content\/uploads\/2025\/06\/BG-WHITE-2.png);\">\n    <div class=\"container\">\n        <div class=\"content text-center\">\n            <h2>Kontakti<\/h2>\n            <nav aria-label=\"breadcrumb\">\n                <ol class=\"breadcrumb\">\n                    <li class=\"breadcrumb-item\"><a href=\"https:\/\/swinto.com\">Ballina<\/a><\/li>\n                    <li class=\"breadcrumb-item active\" aria-current=\"page\">Kontakti<\/li>\n                <\/ol>\n            <\/nav>\n        <\/div>\n    <\/div>\n    <!-- Bg colors -->\n    <svg class=\"mw-100 bg bg-1\" data-src=\"\" data-unique-ids=\"disabled\"\n        data-cache=\"disabled\"><\/svg>\n    <svg class=\"mw-100 bg bg-2\" data-src=\"\" data-unique-ids=\"disabled\"\n        data-cache=\"disabled\"><\/svg>\n<\/div>\n\n\t\t\t\t<\/div>\n\t\t\t\t<\/div>\n\t\t\t\t\t<\/div>\n\t\t<\/div>\n\t\t\t\t\t<\/div>\n\t\t<\/section>\n\t\t<div class=\"elementor-element elementor-element-c413c79 e-grid e-con-boxed e-con e-parent\" data-id=\"c413c79\" data-element_type=\"container\" data-e-type=\"container\">\n\t\t\t\t\t<div class=\"e-con-inner\">\n\t\t\t\t<div class=\"elementor-element elementor-element-ae4b11a elementor-widget elementor-widget-wpforms\" data-id=\"ae4b11a\" data-element_type=\"widget\" data-e-type=\"widget\" data-widget_type=\"wpforms.default\">\n\t\t\t\t<div class=\"elementor-widget-container\">\n\t\t\t\t\t<style id=\"wpforms-css-vars-elementor-widget-ae4b11a\">\n\t\t\t\t.elementor-widget-wpforms.elementor-element-ae4b11a {\n\t\t\t\t--wpforms-field-border-radius: 4px;\n--wpforms-field-border-color: #76767640;\n--wpforms-field-border-color-spare: #76767640;\n--wpforms-field-text-color: #000000B3;\n--wpforms-label-color: #5A5A5AD9;\n--wpforms-button-border-radius: 8px;\n--wpforms-button-background-color: #289FAA;\n--wpforms-button-size-font-size: 20px;\n--wpforms-button-size-height: 48px;\n--wpforms-button-size-padding-h: 20px;\n--wpforms-button-size-margin-top: 15px;\n\t\t\t}\n\t\t\t<\/style><div class=\"wpforms-container wpforms-container-full wpforms-render-modern\" id=\"wpforms-1643\"><form id=\"wpforms-form-1643\" class=\"wpforms-validate wpforms-form wpforms-ajax-form\" data-formid=\"1643\" method=\"post\" enctype=\"multipart\/form-data\" action=\"\/al\/wp-json\/wp\/v2\/pages\/595\" data-token=\"fd42adc2b9853afc9282a4f726edb116\" data-token-time=\"1776651214\"><div class=\"wpforms-head-container\"><div class=\"wpforms-title\">Na Kontakto<\/div><\/div><noscript class=\"wpforms-error-noscript\">Please enable JavaScript in your browser to complete this form.<\/noscript><div id=\"wpforms-error-noscript\" style=\"display: none;\">Please enable JavaScript in your browser to complete this form.<\/div><div class=\"wpforms-field-container\"><div id=\"wpforms-1643-field_1-container\" class=\"wpforms-field wpforms-field-name\" data-field-id=\"1\"><label class=\"wpforms-field-label\" for=\"wpforms-1643-field_1\">Emri dhe Mbiemri <span class=\"wpforms-required-label\" aria-hidden=\"true\">*<\/span><\/label><input type=\"text\" id=\"wpforms-1643-field_1\" class=\"wpforms-field-medium wpforms-field-required\" name=\"wpforms[fields][1]\" aria-errormessage=\"wpforms-1643-field_1-error\" required><\/div><div id=\"wpforms-1643-field_10-container\" class=\"wpforms-field wpforms-field-phone\" data-field-id=\"10\"><label class=\"wpforms-field-label\" for=\"wpforms-1643-field_10\">Nr. I telefonit <span class=\"wpforms-required-label\" aria-hidden=\"true\">*<\/span><\/label><input type=\"tel\" id=\"wpforms-1643-field_10\" class=\"wpforms-field-medium wpforms-field-required wpforms-smart-phone-field\" data-rule-smart-phone-field=\"true\" name=\"wpforms[fields][10]\" aria-label=\"Nr. I telefonit\" aria-errormessage=\"wpforms-1643-field_10-error\" required><\/div><div id=\"wpforms-1643-field_2-container\" class=\"wpforms-field wpforms-field-email\" data-field-id=\"2\"><label class=\"wpforms-field-label\" for=\"wpforms-1643-field_2\">Email <span class=\"wpforms-required-label\" aria-hidden=\"true\">*<\/span><\/label><input type=\"email\" id=\"wpforms-1643-field_2\" class=\"wpforms-field-medium wpforms-field-required\" name=\"wpforms[fields][2]\" spellcheck=\"false\" aria-errormessage=\"wpforms-1643-field_2-error\" required><\/div>\t\t<div id=\"wpforms-1643-field_4-container\"\n\t\t\tclass=\"wpforms-field wpforms-field-text\"\n\t\t\tdata-field-type=\"text\"\n\t\t\tdata-field-id=\"4\"\n\t\t\t>\n\t\t\t<label class=\"wpforms-field-label\" for=\"wpforms-1643-field_4\" >Nr. Mbiemri Mesazhi<\/label>\n\t\t\t<input type=\"text\" id=\"wpforms-1643-field_4\" class=\"wpforms-field-medium\" name=\"wpforms[fields][4]\" >\n\t\t<\/div>\n\t\t<div id=\"wpforms-1643-field_3-container\" class=\"wpforms-field wpforms-field-textarea\" data-field-id=\"3\"><label class=\"wpforms-field-label\" for=\"wpforms-1643-field_3\">Mesazhi <span class=\"wpforms-required-label\" aria-hidden=\"true\">*<\/span><\/label><textarea id=\"wpforms-1643-field_3\" class=\"wpforms-field-medium wpforms-field-required\" name=\"wpforms[fields][3]\" aria-errormessage=\"wpforms-1643-field_3-error\" required><\/textarea><\/div><div id=\"wpforms-1643-field_6-container\" class=\"wpforms-field wpforms-field-checkbox\" data-field-id=\"6\"><fieldset><legend class=\"wpforms-field-label\">Pajtimi <span class=\"wpforms-required-label\" aria-hidden=\"true\">*<\/span><\/legend><ul id=\"wpforms-1643-field_6\" class=\"wpforms-field-required\"><li class=\"choice-1 depth-1\"><input type=\"checkbox\" id=\"wpforms-1643-field_6_1\" name=\"wpforms[fields][6][]\" value=\"Pranoj dhe pajtohem me &lt;a href=&quot;http:\/\/swinto.com\/kushtet-rregullat&quot; target=&quot;_blank&quot;&gt;Kushtet &amp; Rregullat.&lt;\/a&gt;\" aria-errormessage=\"wpforms-1643-field_6_1-error\" required ><label class=\"wpforms-field-label-inline\" for=\"wpforms-1643-field_6_1\">Pranoj dhe pajtohem me <a href=\"http:\/\/swinto.com\/kushtet-rregullat\" target=\"_blank\">Kushtet &amp; Rregullat.<\/a><\/label><\/li><\/ul><\/fieldset><\/div><script>\n\t\t\t\t( function() {\n\t\t\t\t\tconst style = document.createElement( 'style' );\n\t\t\t\t\tstyle.appendChild( document.createTextNode( '#wpforms-1643-field_4-container { position: absolute !important; overflow: hidden !important; display: inline !important; height: 1px !important; width: 1px !important; z-index: -1000 !important; padding: 0 !important; } #wpforms-1643-field_4-container input { visibility: hidden; } #wpforms-conversational-form-page #wpforms-1643-field_4-container label { counter-increment: none; }' ) );\n\t\t\t\t\tdocument.head.appendChild( style );\n\t\t\t\t\tdocument.currentScript?.remove();\n\t\t\t\t} )();\n\t\t\t<\/script><\/div><!-- .wpforms-field-container --><div class=\"wpforms-submit-container\" ><input type=\"hidden\" name=\"wpforms[id]\" value=\"1643\"><input type=\"hidden\" name=\"page_title\" value=\"\"><input type=\"hidden\" name=\"page_url\" value=\"https:\/\/swinto.com\/al\/wp-json\/wp\/v2\/pages\/595\"><input type=\"hidden\" name=\"url_referer\" value=\"\"><button type=\"submit\" name=\"wpforms[submit]\" id=\"wpforms-submit-1643\" class=\"wpforms-submit\" data-alt-text=\"Duke u d\u00ebrguar...\" data-submit-text=\"D\u00ebrgo\" aria-live=\"assertive\" value=\"wpforms-submit\">D\u00ebrgo<\/button><img decoding=\"async\" src=\"https:\/\/swinto.com\/wp-content\/plugins\/wpforms\/assets\/images\/submit-spin.svg\" class=\"wpforms-submit-spinner\" style=\"display: none;\" width=\"26\" height=\"26\" alt=\"Loading\"><\/div><\/form><\/div>  <!-- .wpforms-container -->\t\t\t\t<\/div>\n\t\t\t\t<\/div>\n\t\t\t\t<div class=\"elementor-element elementor-element-dd77dd4 elementor-widget elementor-widget-google_maps\" data-id=\"dd77dd4\" data-element_type=\"widget\" data-e-type=\"widget\" data-widget_type=\"google_maps.default\">\n\t\t\t\t<div class=\"elementor-widget-container\">\n\t\t\t\t\t\t\t<div class=\"elementor-custom-embed\">\n\t\t\t<iframe loading=\"lazy\"\n\t\t\t\t\tsrc=\"https:\/\/maps.google.com\/maps?q=Swinto%2C%20M554%2BCG%20Pristina&#038;t=m&#038;z=18&#038;output=embed&#038;iwloc=near\"\n\t\t\t\t\ttitle=\"Swinto, M554+CG Pristina\"\n\t\t\t\t\taria-label=\"Swinto, M554+CG Pristina\"\n\t\t\t><\/iframe>\n\t\t<\/div>\n\t\t\t\t\t\t<\/div>\n\t\t\t\t<\/div>\n\t\t\t\t\t<\/div>\n\t\t\t\t<\/div>\n\t\t\t\t<section class=\"elementor-section elementor-top-section elementor-element elementor-element-15b1f4a elementor-section-full_width elementor-section-height-default elementor-section-height-default\" data-id=\"15b1f4a\" data-element_type=\"section\" data-e-type=\"section\">\n\t\t\t\t\t\t<div class=\"elementor-container elementor-column-gap-no\">\n\t\t\t\t\t<div class=\"elementor-column elementor-col-100 elementor-top-column elementor-element elementor-element-4889b92\" data-id=\"4889b92\" data-element_type=\"column\" data-e-type=\"column\">\n\t\t\t<div class=\"elementor-widget-wrap elementor-element-populated\">\n\t\t\t\t\t\t<div class=\"elementor-element elementor-element-7877ec3 elementor-align-left elementor-widget elementor-widget-bdevs-newsletter-widget\" data-id=\"7877ec3\" data-element_type=\"widget\" data-e-type=\"widget\" data-widget_type=\"bdevs-newsletter-widget.default\">\n\t\t\t\t<div class=\"elementor-widget-container\">\n\t\t\t\t\t<section class=\"newsletter-area newsletter-1\">\r\n    <div class=\"newsletter-inner position-relative z-1 px-60\">\r\n        <div class=\"overlay bg-primary opacity-1\"><\/div>\r\n        <div class=\"container\">\r\n            <div class=\"row align-items-center\" data-aos=\"fade-up\">\r\n                <div class=\"col-lg-6\">\r\n                    <div class=\"content ptb-30\">\r\n                        <h2 class=\"color-white mb-30\">Shkarko Aplikacionin Swinto Falas<\/h2>\r\n                        <div class=\"content-text w-75 w-sm-100\">\r\n                            <p class=\"text color-white\">Krijo nj\u00eb rrjet financiar t\u00eb suksessh\u00ebm dhe menaxho parat\u00eb tuaja n\u00eb \u00e7do moment<\/p>\r\n                        <\/div>\r\n                        <div class=\" btn-groups mt-30\">\r\n                            <a href=\"https:\/\/apps.apple.com\/al\/app\/swinto\/id1593659577\" class=\"btn btn-img radius-md\" title=\"App Store\" target=\"_blank\">\r\n                                <img decoding=\"async\" class=\"lazyload blur-up\" src=\"https:\/\/shtheme.com\/demosd\/teeno\/wp-content\/uploads\/2023\/11\/placeholder.png\" data-src=\"https:\/\/shtheme.com\/demosd\/teeno\/wp-content\/uploads\/2023\/11\/app-store.png\" alt=\"App Store\">\r\n                            <\/a>\r\n                            <a href=\"https:\/\/play.google.com\/store\/apps\/details?id=com.swinto.swinto&amp;hl=en\" class=\"btn btn-img radius-md\" title=\"Play Store\" target=\"_blank\">\r\n                                <img decoding=\"async\" class=\"lazyload blur-up\" src=\"https:\/\/shtheme.com\/demosd\/teeno\/wp-content\/uploads\/2023\/11\/placeholder.png\" data-src=\"https:\/\/shtheme.com\/demosd\/teeno\/wp-content\/uploads\/2023\/11\/play-store.png\" alt=\"App Store\">\r\n                            <\/a>\r\n                        <\/div>\r\n                    <\/div>\r\n                <\/div>\r\n                <div class=\"col-lg-6 align-self-end\">\r\n                    <div class=\"image d-none d-lg-block\">\r\n                        <img decoding=\"async\" class=\"lazyload blur-up\" src=\"https:\/\/shtheme.com\/demosd\/teeno\/wp-content\/uploads\/2023\/11\/placeholder.png\" data-src=\"http:\/\/swinto.com\/wp-content\/uploads\/2025\/02\/TELEFONAT-1-1.png\" alt=\"Image\">\r\n                    <\/div>\r\n                <\/div>\r\n            <\/div>\r\n        <\/div>\r\n    <\/div>\r\n<\/section>\r\n\t\t\t\t<\/div>\n\t\t\t\t<\/div>\n\t\t\t\t\t<\/div>\n\t\t<\/div>\n\t\t\t\t\t<\/div>\n\t\t<\/section>\n\t\t\t\t<\/div>\n\t\t","protected":false},"excerpt":{"rendered":"<p>Kontakti Ballina Kontakti Na KontaktoPlease enable JavaScript in your browser to complete this form.Please enable JavaScript in your browser to complete this form.Emri dhe Mbiemri *Nr. I telefonit * Email *Mesazhi * Pajtimi * Pranoj dhe pajtohem me Kushtet &amp; Rregullat. D\u00ebrgo Shkarko Aplikacionin Swinto Falas Krijo nj\u00eb rrjet financiar t\u00eb suksessh\u00ebm dhe menaxho parat\u00eb [&hellip;]<\/p>\n","protected":false},"author":1,"featured_media":1357,"parent":0,"menu_order":0,"comment_status":"closed","ping_status":"closed","template":"page-templates\/home-template.php","meta":{"inline_featured_image":false,"footnotes":""},"class_list":["post-595","page","type-page","status-publish","has-post-thumbnail","hentry"],"_links":{"self":[{"href":"https:\/\/swinto.com\/al\/wp-json\/wp\/v2\/pages\/595","targetHints":{"allow":["GET"]}}],"collection":[{"href":"https:\/\/swinto.com\/al\/wp-json\/wp\/v2\/pages"}],"about":[{"href":"https:\/\/swinto.com\/al\/wp-json\/wp\/v2\/types\/page"}],"author":[{"embeddable":true,"href":"https:\/\/swinto.com\/al\/wp-json\/wp\/v2\/users\/1"}],"replies":[{"embeddable":true,"href":"https:\/\/swinto.com\/al\/wp-json\/wp\/v2\/comments?post=595"}],"version-history":[{"count":96,"href":"https:\/\/swinto.com\/al\/wp-json\/wp\/v2\/pages\/595\/revisions"}],"predecessor-version":[{"id":2197,"href":"https:\/\/swinto.com\/al\/wp-json\/wp\/v2\/pages\/595\/revisions\/2197"}],"wp:featuredmedia":[{"embeddable":true,"href":"https:\/\/swinto.com\/al\/wp-json\/wp\/v2\/media\/1357"}],"wp:attachment":[{"href":"https:\/\/swinto.com\/al\/wp-json\/wp\/v2\/media?parent=595"}],"curies":[{"name":"wp","href":"https:\/\/api.w.org\/{rel}","templated":true}]}}