{"id":559,"date":"2023-11-17T02:53:22","date_gmt":"2023-11-17T02:53:22","guid":{"rendered":"https:\/\/shtheme.com\/demosd\/teeno\/?page_id=559"},"modified":"2025-06-17T13:53:49","modified_gmt":"2025-06-17T12:53:49","slug":"kushtet-rregullat","status":"publish","type":"page","link":"https:\/\/swinto.com\/al\/kushtet-rregullat\/","title":{"rendered":"Kushtet &#038; Rregullat"},"content":{"rendered":"\t\t<div data-elementor-type=\"wp-page\" data-elementor-id=\"559\" class=\"elementor elementor-559\">\n\t\t\t\t\t\t<section class=\"elementor-section elementor-top-section elementor-element elementor-element-0684be8 elementor-section-full_width elementor-section-height-default elementor-section-height-default\" data-id=\"0684be8\" data-element_type=\"section\" data-e-type=\"section\">\n\t\t\t\t\t\t<div class=\"elementor-container elementor-column-gap-no\">\n\t\t\t\t\t<div class=\"elementor-column elementor-col-100 elementor-top-column elementor-element elementor-element-690c573\" data-id=\"690c573\" data-element_type=\"column\" data-e-type=\"column\">\n\t\t\t<div class=\"elementor-widget-wrap elementor-element-populated\">\n\t\t\t\t\t\t<div class=\"elementor-element elementor-element-5c60a6e elementor-align-left elementor-widget elementor-widget-bdevs-title-widget\" data-id=\"5c60a6e\" data-element_type=\"widget\" data-e-type=\"widget\" data-widget_type=\"bdevs-title-widget.default\">\n\t\t\t\t<div class=\"elementor-widget-container\">\n\t\t\t\t\t<div class=\"page-title-area pb-100 bg-light bg-img\" data-bg-image=\"http:\/\/swinto.com\/wp-content\/uploads\/2025\/06\/BG-WHITE-2.png\" style=\"background: url(http:\/\/swinto.com\/wp-content\/uploads\/2025\/06\/BG-WHITE-2.png);\">\n    <div class=\"container\">\n        <div class=\"content text-center\">\n            <h2>Kushtet &amp; Rregullat<\/h2>\n            <nav aria-label=\"breadcrumb\">\n                <ol class=\"breadcrumb\">\n                    <li class=\"breadcrumb-item\"><a href=\"http:\/\/swinto.com\">Ballina<\/a><\/li>\n                    <li class=\"breadcrumb-item active\" aria-current=\"page\">Kushtet &amp; Rregullat<\/li>\n                <\/ol>\n            <\/nav>\n        <\/div>\n    <\/div>\n    <!-- Bg colors -->\n    <svg class=\"mw-100 bg bg-1\" data-src=\"\" data-unique-ids=\"disabled\"\n        data-cache=\"disabled\"><\/svg>\n    <svg class=\"mw-100 bg bg-2\" data-src=\"\" data-unique-ids=\"disabled\"\n        data-cache=\"disabled\"><\/svg>\n<\/div>\n\n\t\t\t\t<\/div>\n\t\t\t\t<\/div>\n\t\t\t\t\t<\/div>\n\t\t<\/div>\n\t\t\t\t\t<\/div>\n\t\t<\/section>\n\t\t\t\t<section class=\"elementor-section elementor-top-section elementor-element elementor-element-1160c07 elementor-section-full_width elementor-section-height-default elementor-section-height-default\" data-id=\"1160c07\" data-element_type=\"section\" data-e-type=\"section\">\n\t\t\t\t\t\t<div class=\"elementor-container elementor-column-gap-no\">\n\t\t\t\t\t<div class=\"elementor-column elementor-col-100 elementor-top-column elementor-element elementor-element-138f2ba\" data-id=\"138f2ba\" data-element_type=\"column\" data-e-type=\"column\">\n\t\t\t<div class=\"elementor-widget-wrap elementor-element-populated\">\n\t\t\t\t\t\t<div class=\"elementor-element elementor-element-6ca585b elementor-align-left elementor-widget elementor-widget-bdevs-terms-widget\" data-id=\"6ca585b\" data-element_type=\"widget\" data-e-type=\"widget\" data-widget_type=\"bdevs-terms-widget.default\">\n\t\t\t\t<div class=\"elementor-widget-container\">\n\t\t\t\t\t<section class=\"terms-condition-area pt-100 pb-70\">\r\n    <div class=\"container\">\r\n        <div class=\"row\">\r\n            <div class=\"col-lg-9 col-md-12 m-auto\">\r\n            \t\t                <div class=\"item-single radius-md mb-30\" data-aos=\"fade-up\">\r\n\t                    <h4>Kushtet<\/h4>\n                        <p>Swinto Kosova Sh.A (tutje referuar si Swinto) \u00ebsht\u00eb pronare e faq\u00ebs s\u00eb internetit www.swinto.com\nK\u00ebto kushte t\u00eb p\u00ebrgjithshme jan\u00eb t\u00eb zbatueshme p\u00ebr faqen e internetit t\u00eb Swinto www.swinto.com dhe p\u00ebr vizitor\u00ebt e saj n\u00eb k\u00ebt\u00eb faqe interneti (n\u00eb tekstin e m\u00ebtejm\u00eb \u201cP\u00ebrdorues\u201d).\nP\u00ebrdorimi i faqes s\u00eb internetit do t\u00eb thot\u00eb q\u00eb p\u00ebrdoruesi i njeh plot\u00ebsisht t\u00eb gjitha kushtet e p\u00ebrgjithshme t\u00eb p\u00ebrdorimit t\u00eb uebfaqes, politik\u00ebn e privat\u00ebsin\u00eb dhe t\u00eb siguris\u00eb s\u00eb t\u00eb dh\u00ebnave. Swinto rezervon t\u00eb drejt\u00ebn, kurdo q\u00eb \u00ebsht\u00eb e nevojshme, t\u00eb ndryshoj\u00eb kushtet e p\u00ebrgjithshme t\u00eb faqes s\u00eb internetit, privat\u00ebsis\u00eb dhe politik\u00ebs s\u00eb siguris\u00eb s\u00eb t\u00eb dh\u00ebnave, si dhe \u00e7do kusht, rregullore, udh\u00ebzime ose paralajm\u00ebrime t\u00eb tjera.\n<\/p>\t                <\/div>\r\n\t            \t                <div class=\"item-single radius-md mb-30\" data-aos=\"fade-up\">\r\n\t                    <h4>Informacioni p\u00ebr P\u00ebrdoruesit<\/h4>\n<p>\n    P\u00ebrdoruesi bie dakord t\u00eb p\u00ebrdor\u00eb ligj\u00ebrisht dhe n\u00eb m\u00ebnyr\u00eb t\u00eb p\u00ebrshtatshme k\u00ebt\u00eb faqe t\u00eb internetit dhe materialet e tij, n\u00eb p\u00ebrputhje me legjislacionin n\u00eb fuqi.\n    Swinto b\u00ebn p\u00ebrpjekje p\u00ebr t\u00eb ofruar informata t\u00eb sakta, transparente dhe t\u00eb p\u00ebrdit\u00ebsuara n\u00eb faqet e internetit t\u00eb saj, kjo nuk p\u00ebrjashton mund\u00ebsin\u00eb q\u00eb nganj\u00ebher\u00eb mund t\u00eb ndodhin l\u00ebshime p\u00ebr arsye objektive.\n<\/p>\n<p>\n    Swinto nuk do t\u00eb jet\u00eb p\u00ebrgjegj\u00ebse p\u00ebr pasojat, p\u00ebrfshir\u00eb d\u00ebmet e mundshme, q\u00eb vijn\u00eb si pasoj\u00eb ose jan\u00eb t\u00eb lidhura n\u00eb ndonj\u00eb m\u00ebnyr\u00eb me qasjen tuaj ose p\u00ebrdorimin e k\u00ebsaj faqeje interneti. Informacioni q\u00eb gjendet n\u00eb k\u00ebt\u00eb faqe interneti ofrohet p\u00ebr p\u00ebrdorim personal dhe vet\u00ebm p\u00ebr q\u00ebllime informative. Ju, si nj\u00eb p\u00ebrdorues i k\u00ebsaj faqeje interneti, jeni personalisht p\u00ebrgjegj\u00ebs p\u00ebr interpretimin dhe perceptimin e sakt\u00ebsis\u00eb, plot\u00ebsis\u00eb dhe dobishm\u00ebris\u00eb s\u00eb informacionit q\u00eb gjendet n\u00eb k\u00ebt\u00eb faqe interneti.\n<\/p>\n\n<h5>P\u00ebrdoruesi duhet t\u00eb p\u00ebrmbahet nga:<\/h5>\n<ul>\n    <li>P\u00ebrdorimi i paautorizuar i faqes s\u00eb internetit;<\/li>\n    <li>P\u00ebrdorimi i faqes s\u00eb internetit dhe\/ose p\u00ebrmbajtjes s\u00eb tij p\u00ebr q\u00ebllime t\u00eb paligjshme ose n\u00eb kund\u00ebrshtim me kushtet e p\u00ebrcaktuara;<\/li>\n    <li>Printimi, kopjimi, transmetimi q\u00eb shkel dispozitat e p\u00ebrcaktuara me ligjin p\u00ebr t\u00eb drejtat e autorit, ligjin p\u00ebr mbrojtjen e t\u00eb dh\u00ebnave personale dhe ligjet tjera;<\/li>\n    <li>Mos respektimi i t\u00eb drejtave t\u00eb pron\u00ebsis\u00eb industriale ose intelektuale t\u00eb materialeve t\u00eb prodhuara nga Swinto.<\/li>\n<\/ul>\n\n<p>\n    Shikimi ose kopjimi i faqes s\u00eb internetit nuk ju jep t\u00eb drejta mbi ndonj\u00eb material ose softuer.\n<\/p>\t                <\/div>\r\n\t            \t                <div class=\"item-single radius-md mb-30\" data-aos=\"fade-up\">\r\n\t                    <h4>Mbrojtja e t\u00eb Dh\u00ebnave Personale dhe Politikat e Siguris\u00eb s\u00eb t\u00eb Dh\u00ebnave<\/h4>\n\n<p>\n    Politikat e privat\u00ebsis\u00eb dhe siguris\u00eb s\u00eb t\u00eb dh\u00ebnave t\u00eb Swinto sigurojn\u00eb q\u00eb t\u00eb dh\u00ebnat e marra nga klient\u00ebt me q\u00ebllim t\u00eb ofrimit t\u00eb sh\u00ebrbimeve mbeten n\u00ebn kontrollin e klientit dhe plot\u00ebsisht t\u00eb sigurta.\n<\/p>\n\n<p>\n    Swinto kupton r\u00ebnd\u00ebsin\u00eb e madhe t\u00eb vler\u00ebs s\u00eb t\u00eb dh\u00ebnave t\u00eb klient\u00ebve dhe zbaton t\u00eb gjitha masat p\u00ebr t\u00eb siguruar moskompromentimin e t\u00eb dh\u00ebnave t\u00eb tilla, duke qen\u00eb plot\u00ebsisht n\u00eb p\u00ebrputhje me standardet ligjore. N\u00eb k\u00ebt\u00eb drejtim, Swinto zbaton masa t\u00eb rrepta sigurie p\u00ebr t\u00eb dh\u00ebnat fizike dhe online n\u00eb lidhje me klient\u00ebt tan\u00eb, duke siguruar q\u00eb klient\u00ebt tan\u00eb t\u00eb mos rrezikohen nga ndonj\u00eb veprim ose mosveprim nga ana jon\u00eb.\n<\/p>\n\n<p>\n    Informacioni p\u00ebr klient\u00ebt tan\u00eb \u00ebsht\u00eb nj\u00eb pjes\u00eb e r\u00ebnd\u00ebsishme e biznesit ton\u00eb, dhe ruajtja e informacionit t\u00eb till\u00eb me standardet m\u00eb t\u00eb larta t\u00eb siguris\u00eb \u00ebsht\u00eb nj\u00eb nga shtyllat e biznesit ton\u00eb. Ngjash\u00ebm me sigurin\u00eb e t\u00eb dh\u00ebnave, me t\u00eb nj\u00ebjtat standarde t\u00eb larta, Swinto siguron klient\u00ebt q\u00eb informacioni i dh\u00ebn\u00eb t\u00eb p\u00ebrpunohet me sakt\u00ebsi, efikasitet dhe konfidencialitet.\n<\/p>\n\n<p>\n    \u00c7do punonj\u00ebs \u00ebsht\u00eb i trajnuar n\u00eb protokollet e siguris\u00eb dhe merr p\u00ebrsip\u00ebr p\u00ebrgjegj\u00ebsi ligjore p\u00ebr t\u00eb gjitha aspektet e siguris\u00eb s\u00eb t\u00eb dh\u00ebnave dhe mbrojtjes s\u00eb t\u00eb dh\u00ebnave personale.\n<\/p>\t                <\/div>\r\n\t            \t                <div class=\"item-single radius-md mb-30\" data-aos=\"fade-up\">\r\n\t                    <h4>Mb\u00ebshtetja<\/h4>\n                        <p>Asgj\u00eb nga p\u00ebrmbajtja e faqes s\u00eb internetit t\u00eb Swinto nuk p\u00ebrb\u00ebn k\u00ebshilla financiare, investive, juridike ose t\u00eb tjera dhe as nuk duhet mb\u00ebshtetur n\u00eb to n\u00eb marrjen e nj\u00eb vendimi p\u00ebr investime apo ndonj\u00eb vendimi tjet\u00ebr. P\u00ebrpara se t\u00eb merrni ndonj\u00eb vendim p\u00ebr investime, ju duhet t\u00eb merrni k\u00ebshilla profesionale p\u00ebrkat\u00ebse dhe specifike, t\u00eb dh\u00ebna pas nj\u00eb analize financiare.<\/p>\t                <\/div>\r\n\t            \t                <div class=\"item-single radius-md mb-30\" data-aos=\"fade-up\">\r\n\t                    <h4>Faqja e internetit, mohimi i garancive dhe p\u00ebrgjegj\u00ebsis\u00eb<\/h4>\n                        <p class=\"mb-0\">P\u00ebrdorimi i Uebfaqes \u00ebsht\u00eb falas dhe n\u00ebn p\u00ebrgjegj\u00ebsin\u00eb e vetme t\u00eb p\u00ebrdoruesit. Duke hyr\u00eb n\u00eb faqen e internetit, dhe faqet e tjera t\u00eb lidhura, p\u00ebrfshir\u00eb, por pa u kufizuar n\u00eb faqet e mediave sociale, ju pranoni t\u00eb gjitha kushtet e p\u00ebrdorimit t\u00eb faqes s\u00eb internetit n\u00eb fuqi.\nSwinto rezervon t\u00eb drejt\u00ebn e pakusht\u00ebzuar p\u00ebr t\u00eb mbyllur faqen e internetit, p\u00ebr t\u00eb ndryshuar domenin, p\u00ebr t\u00eb pezulluar, nd\u00ebrprer\u00eb ose pushuar s\u00eb funksionuari faqen e internetit pa asnj\u00eb detyrim apo p\u00ebrgjegj\u00ebsi ndaj vizitor\u00ebve t\u00eb faq\u00ebs dhe pal\u00ebve t\u00eb tjera t\u00eb treta.\nP\u00ebrmbajtja e faqes n\u00eb internet \u00ebsht\u00eb vet\u00ebm p\u00ebr q\u00ebllime informacioni dhe nuk mund t\u00eb mb\u00ebshtetet nga asnj\u00eb pal\u00eb n\u00eb lidhje me q\u00ebllime t\u00eb tjera.\n<\/p>\t                <\/div>\r\n\t            \t                <div class=\"item-single radius-md mb-30\" data-aos=\"fade-up\">\r\n\t                    <h4>Pron\u00ebsia Industriale<\/h4>\n\n<p class=\"mb-0\">\n    T\u00eb gjitha pal\u00ebt dhe p\u00ebrdoruesit q\u00eb hyjn\u00eb n\u00eb faqen e internetit t\u00eb Swinto dhe faqet e tjera t\u00eb lidhura, pranojn\u00eb t\u00eb drejtat e pron\u00ebsis\u00eb industriale dhe intelektuale t\u00eb Swinto. \n    E gjith\u00eb prona intelektuale dhe t\u00eb drejtat e lidhura me materialet, p\u00ebrfshir\u00eb, por pa u kufizuar n\u00eb markat, logot, emrat tregtar\u00eb, tekstin, imazhet, bisedat, audio dhe video, baz\u00ebn e t\u00eb dh\u00ebnave, softuerin, mbahen nga Swinto dhe jan\u00eb n\u00ebn pron\u00ebsin\u00eb ekskluzive t\u00eb Swinto.\n<\/p>\n\n<p>\n    Qasja n\u00eb faqen e internetit dhe format e tjera t\u00eb komunikimit me Swinto, n\u00eb asnj\u00eb rrethan\u00eb, nuk jep ndonj\u00eb t\u00eb drejt\u00eb n\u00eb lidhje me materiale t\u00eb tilla.\n<\/p>\n\n<p>\n    Materiali dhe p\u00ebrmbajtja e v\u00ebn\u00eb n\u00eb dispozicion ose e zhvilluar nga Swinto, duke p\u00ebrfshir\u00eb, por pa u kufizuar n\u00eb tekstin, grafik\u00ebn, logot, ikonat e butonave, imazhet, tabelat, klipet audio dhe p\u00ebrpilimet e t\u00eb dh\u00ebnave, jan\u00eb pron\u00eb e Swinto dhe mbrohen nga autoritetet kompetente n\u00eb Kosov\u00eb, BE, dhe ligjet nd\u00ebrkomb\u00ebtare t\u00eb s\u00eb drejt\u00ebs s\u00eb autorit.\n<\/p>\n\n<p>\n    P\u00ebr m\u00eb tep\u00ebr, emri tregtar, logoja, grafika, ikonat, fotografit\u00eb dhe emrat e sh\u00ebrbimeve t\u00eb lidhura t\u00eb zhvilluara ose t\u00eb disponueshme p\u00ebrmes Swinto jan\u00eb marka tregtare. \n    Markat tregtare nuk mund t\u00eb p\u00ebrdoren nga pal\u00ebt e treta pa p\u00eblqimin paraprak me shkrim t\u00eb Swinto.\n<\/p>\n\n<p>\n    P\u00ebrdoruesi pajtohet dhe njeh q\u00eb t\u00eb gjitha markat tregtare dhe t\u00eb drejtat e pron\u00ebsis\u00eb intelektuale n\u00eb p\u00ebrmbajtje dhe\/ose \u00e7do gj\u00eb tjet\u00ebr t\u00eb p\u00ebrdorur n\u00eb faqen e internetit t\u00eb Swinto jan\u00eb t\u00eb mbrojtura.\n<\/p>\n\n<p>\n    P\u00ebrdorimi, dyfishimi, komunikimi dhe\/ose shp\u00ebrndarja e elementeve t\u00eb till\u00eb p\u00ebr p\u00ebrfitime ose q\u00ebllime tregtare \u00ebsht\u00eb rrept\u00ebsisht e ndaluar, si\u00e7 \u00ebsht\u00eb \u00e7do ndryshim ose fragmentim i tyre. \n    P\u00ebr mbajtjen e k\u00ebtyre t\u00eb drejtave do t\u00eb k\u00ebrkohet p\u00eblqim me shkrim paraprakisht p\u00ebr \u00e7do p\u00ebrdorim tjet\u00ebr nga ai i lejuar n\u00eb m\u00ebnyr\u00eb specifike. \n    N\u00ebse ligjet e tilla shkelen, Swinto do t\u00eb ndjek\u00eb procedura ligjore n\u00eb autoritetet kompetente p\u00ebr shkelje t\u00eb t\u00eb drejtave t\u00eb mark\u00ebs tregtare dhe pron\u00ebsis\u00eb intelektuale.\n<\/p>\n\t                <\/div>\r\n\t            \t                <div class=\"item-single radius-md mb-30\" data-aos=\"fade-up\">\r\n\t                    <h4>Ankesat<\/h4>\n\n<p class=\"mb-0\">\n    N\u00ebse ndonj\u00eb pal\u00eb e tret\u00eb beson se Swinto n\u00eb \u00e7far\u00ebdo m\u00ebnyre ka shkelur pron\u00ebsin\u00eb e tyre intelektuale ose ndonj\u00eb shkelje t\u00eb t\u00eb dh\u00ebnave, duhet t\u00eb kontaktoj\u00eb menj\u00ebher\u00eb Swinto dhe t\u2019i njoftoj\u00eb ata p\u00ebr pretendimet p\u00ebrmes emailit info@swinto.com ose me telefon n\u00eb nj\u00eb nga numrat e listuar n\u00eb faqen e internetit.\n<\/p>\n\t                <\/div>\r\n\t            \t                <div class=\"item-single radius-md mb-30\" data-aos=\"fade-up\">\r\n\t                    <h4>Cookies<\/h4>\n\n<p class=\"mb-0\">\n    N\u00ebse ndonj\u00eb pal\u00eb e tret\u00eb beson se Swinto n\u00eb \u00e7far\u00ebdo m\u00ebnyre ka shkelur pron\u00ebsin\u00eb e tyre intelektuale ose ndonj\u00eb shkelje t\u00eb t\u00eb dh\u00ebnave, duhet t\u00eb kontaktoj\u00eb menj\u00ebher\u00eb Swinto dhe t\u2019i njoftoj\u00eb ata p\u00ebr pretendimet p\u00ebrmes emailit info@swinto.com ose me telefon n\u00eb nj\u00eb nga numrat e listuar n\u00eb faqen e internetit.\n<\/p>\n\t                <\/div>\r\n\t                        <\/div>\r\n        <\/div>\r\n    <\/div>\r\n<\/section>\r\n\t\t\t\t<\/div>\n\t\t\t\t<\/div>\n\t\t\t\t\t<\/div>\n\t\t<\/div>\n\t\t\t\t\t<\/div>\n\t\t<\/section>\n\t\t\t\t<section class=\"elementor-section elementor-top-section elementor-element elementor-element-9d2508b elementor-section-full_width elementor-section-height-default elementor-section-height-default\" data-id=\"9d2508b\" data-element_type=\"section\" data-e-type=\"section\">\n\t\t\t\t\t\t<div class=\"elementor-container elementor-column-gap-no\">\n\t\t\t\t\t<div class=\"elementor-column elementor-col-100 elementor-top-column elementor-element elementor-element-95e28d3\" data-id=\"95e28d3\" data-element_type=\"column\" data-e-type=\"column\">\n\t\t\t<div class=\"elementor-widget-wrap elementor-element-populated\">\n\t\t\t\t\t\t<div class=\"elementor-element elementor-element-8c95cdc elementor-align-left elementor-widget elementor-widget-bdevs-newsletter-widget\" data-id=\"8c95cdc\" data-element_type=\"widget\" data-e-type=\"widget\" data-widget_type=\"bdevs-newsletter-widget.default\">\n\t\t\t\t<div class=\"elementor-widget-container\">\n\t\t\t\t\t<section class=\"newsletter-area newsletter-1\">\r\n    <div class=\"newsletter-inner position-relative z-1 px-60\">\r\n        <div class=\"overlay bg-primary opacity-1\"><\/div>\r\n        <div class=\"container\">\r\n            <div class=\"row align-items-center\" data-aos=\"fade-up\">\r\n                <div class=\"col-lg-6\">\r\n                    <div class=\"content ptb-30\">\r\n                        <h2 class=\"color-white mb-30\">Shkarko Aplikacionin Swinto Falas<\/h2>\r\n                        <div class=\"content-text w-75 w-sm-100\">\r\n                            <p class=\"text color-white\">Krijo nj\u00eb rrjet financiar t\u00eb suksessh\u00ebm dhe menaxho parat\u00eb tuaja n\u00eb \u00e7do moment<\/p>\r\n                        <\/div>\r\n                        <div class=\" btn-groups mt-30\">\r\n                            <a href=\"https:\/\/apps.apple.com\/us\/app\/swinto\/id1593659577\" class=\"btn btn-img radius-md\" title=\"App Store\" target=\"_blank\">\r\n                                <img decoding=\"async\" class=\"lazyload blur-up\" src=\"https:\/\/shtheme.com\/demosd\/teeno\/wp-content\/uploads\/2023\/11\/placeholder.png\" data-src=\"https:\/\/shtheme.com\/demosd\/teeno\/wp-content\/uploads\/2023\/11\/app-store.png\" alt=\"App Store\">\r\n                            <\/a>\r\n                            <a href=\"https:\/\/play.google.com\/store\/apps\/details?id=com.swinto.swinto&amp;hl=en\" class=\"btn btn-img radius-md\" title=\"Play Store\" target=\"_blank\">\r\n                                <img decoding=\"async\" class=\"lazyload blur-up\" src=\"https:\/\/shtheme.com\/demosd\/teeno\/wp-content\/uploads\/2023\/11\/placeholder.png\" data-src=\"https:\/\/shtheme.com\/demosd\/teeno\/wp-content\/uploads\/2023\/11\/play-store.png\" alt=\"App Store\">\r\n                            <\/a>\r\n                        <\/div>\r\n                    <\/div>\r\n                <\/div>\r\n                <div class=\"col-lg-6 align-self-end\">\r\n                    <div class=\"image d-none d-lg-block\">\r\n                        <img decoding=\"async\" class=\"lazyload blur-up\" src=\"https:\/\/shtheme.com\/demosd\/teeno\/wp-content\/uploads\/2023\/11\/placeholder.png\" data-src=\"http:\/\/swinto.com\/wp-content\/uploads\/2025\/02\/TELEFONAT-1-1.png\" alt=\"Image\">\r\n                    <\/div>\r\n                <\/div>\r\n            <\/div>\r\n        <\/div>\r\n    <\/div>\r\n<\/section>\r\n\t\t\t\t<\/div>\n\t\t\t\t<\/div>\n\t\t\t\t\t<\/div>\n\t\t<\/div>\n\t\t\t\t\t<\/div>\n\t\t<\/section>\n\t\t\t\t<\/div>\n\t\t","protected":false},"excerpt":{"rendered":"<p>Kushtet &amp; Rregullat Ballina Kushtet &amp; Rregullat Kushtet Swinto Kosova Sh.A (tutje referuar si Swinto) \u00ebsht\u00eb pronare e faq\u00ebs s\u00eb internetit www.swinto.com K\u00ebto kushte t\u00eb p\u00ebrgjithshme jan\u00eb t\u00eb zbatueshme p\u00ebr faqen e internetit t\u00eb Swinto www.swinto.com dhe p\u00ebr vizitor\u00ebt e saj n\u00eb k\u00ebt\u00eb faqe interneti (n\u00eb tekstin e m\u00ebtejm\u00eb \u201cP\u00ebrdorues\u201d). P\u00ebrdorimi i faqes s\u00eb internetit [&hellip;]<\/p>\n","protected":false},"author":1,"featured_media":286,"parent":0,"menu_order":0,"comment_status":"closed","ping_status":"closed","template":"page-templates\/home-template.php","meta":{"inline_featured_image":false,"footnotes":""},"class_list":["post-559","page","type-page","status-publish","has-post-thumbnail","hentry"],"_links":{"self":[{"href":"https:\/\/swinto.com\/al\/wp-json\/wp\/v2\/pages\/559","targetHints":{"allow":["GET"]}}],"collection":[{"href":"https:\/\/swinto.com\/al\/wp-json\/wp\/v2\/pages"}],"about":[{"href":"https:\/\/swinto.com\/al\/wp-json\/wp\/v2\/types\/page"}],"author":[{"embeddable":true,"href":"https:\/\/swinto.com\/al\/wp-json\/wp\/v2\/users\/1"}],"replies":[{"embeddable":true,"href":"https:\/\/swinto.com\/al\/wp-json\/wp\/v2\/comments?post=559"}],"version-history":[{"count":36,"href":"https:\/\/swinto.com\/al\/wp-json\/wp\/v2\/pages\/559\/revisions"}],"predecessor-version":[{"id":2161,"href":"https:\/\/swinto.com\/al\/wp-json\/wp\/v2\/pages\/559\/revisions\/2161"}],"wp:featuredmedia":[{"embeddable":true,"href":"https:\/\/swinto.com\/al\/wp-json\/wp\/v2\/media\/286"}],"wp:attachment":[{"href":"https:\/\/swinto.com\/al\/wp-json\/wp\/v2\/media?parent=559"}],"curies":[{"name":"wp","href":"https:\/\/api.w.org\/{rel}","templated":true}]}}