{"id":2202,"date":"2025-08-18T14:07:13","date_gmt":"2025-08-18T13:07:13","guid":{"rendered":"https:\/\/swinto.com\/?page_id=2202"},"modified":"2025-08-18T15:58:22","modified_gmt":"2025-08-18T14:58:22","slug":"kredi","status":"publish","type":"page","link":"https:\/\/swinto.com\/al\/kredi\/","title":{"rendered":"Kredi"},"content":{"rendered":"\t\t<div data-elementor-type=\"wp-page\" data-elementor-id=\"2202\" class=\"elementor elementor-2202\">\n\t\t\t\t\t\t<section class=\"elementor-section elementor-top-section elementor-element elementor-element-f5adc5d elementor-section-full_width elementor-section-height-default elementor-section-height-default\" data-id=\"f5adc5d\" data-element_type=\"section\" data-e-type=\"section\">\n\t\t\t\t\t\t<div class=\"elementor-container elementor-column-gap-no\">\n\t\t\t\t\t<div class=\"elementor-column elementor-col-100 elementor-top-column elementor-element elementor-element-f4ecaaf\" data-id=\"f4ecaaf\" data-element_type=\"column\" data-e-type=\"column\">\n\t\t\t<div class=\"elementor-widget-wrap elementor-element-populated\">\n\t\t\t\t\t\t<div class=\"elementor-element elementor-element-dff34cc elementor-align-left elementor-widget elementor-widget-bdevs-title-widget\" data-id=\"dff34cc\" data-element_type=\"widget\" data-e-type=\"widget\" data-widget_type=\"bdevs-title-widget.default\">\n\t\t\t\t<div class=\"elementor-widget-container\">\n\t\t\t\t\t<div class=\"page-title-area pb-100 bg-light bg-img\" data-bg-image=\"http:\/\/swinto.com\/wp-content\/uploads\/2025\/06\/BG-WHITE-2.png\" style=\"background: url(http:\/\/swinto.com\/wp-content\/uploads\/2025\/06\/BG-WHITE-2.png);\">\n    <div class=\"container\">\n        <div class=\"content text-center\">\n            <h2>Kredi<\/h2>\n            <nav aria-label=\"breadcrumb\">\n                <ol class=\"breadcrumb\">\n                    <li class=\"breadcrumb-item\"><a href=\"https:\/\/swinto.com\">Ballina<\/a><\/li>\n                    <li class=\"breadcrumb-item active\" aria-current=\"page\">Kredi<\/li>\n                <\/ol>\n            <\/nav>\n        <\/div>\n    <\/div>\n    <!-- Bg colors -->\n    <svg class=\"mw-100 bg bg-1\" data-src=\"\" data-unique-ids=\"disabled\"\n        data-cache=\"disabled\"><\/svg>\n    <svg class=\"mw-100 bg bg-2\" data-src=\"\" data-unique-ids=\"disabled\"\n        data-cache=\"disabled\"><\/svg>\n<\/div>\n\n\t\t\t\t<\/div>\n\t\t\t\t<\/div>\n\t\t\t\t\t<\/div>\n\t\t<\/div>\n\t\t\t\t\t<\/div>\n\t\t<\/section>\n\t\t\t\t<section class=\"elementor-section elementor-top-section elementor-element elementor-element-8975af5 elementor-section-full_width elementor-section-height-default elementor-section-height-default\" data-id=\"8975af5\" data-element_type=\"section\" data-e-type=\"section\">\n\t\t\t\t\t\t<div class=\"elementor-container elementor-column-gap-no\">\n\t\t\t\t\t<div class=\"elementor-column elementor-col-100 elementor-top-column elementor-element elementor-element-1854ca3\" data-id=\"1854ca3\" data-element_type=\"column\" data-e-type=\"column\">\n\t\t\t<div class=\"elementor-widget-wrap elementor-element-populated\">\n\t\t\t\t\t\t<div class=\"elementor-element elementor-element-4be4fef elementor-align-left elementor-widget elementor-widget-bdevs-about-widget\" data-id=\"4be4fef\" data-element_type=\"widget\" data-e-type=\"widget\" data-widget_type=\"bdevs-about-widget.default\">\n\t\t\t\t<div class=\"elementor-widget-container\">\n\t\t\t\t\t<section class=\"about-area about-1 pt-100 pb-60\">\n    <div class=\"container\">\n        <div class=\"row align-items-center gx-xl-5\">\n            <div class=\"col-lg-6\" data-aos=\"fade-up\">\n                <div class=\"image mb-40 js-tilt\">\n                    <img class=\"lazyload blur-up\" data-src=\"http:\/\/swinto.com\/wp-content\/uploads\/2025\/08\/KREDI-1.png\" alt=\"Image\">\n                <\/div>\n            <\/div>\n            <div class=\"col-lg-6\" data-aos=\"fade-up\">\n                <div class=\"content-title mb-40\">\n                    <span class=\"subtitle color-primary\">Swinto | Virtus Lending<\/span>\n                    <h2 class=\"title mb-30 mt-0\">\n                        Apliko p\u00ebr Kredi Online nga 250\u20ac deri 2,000\u20ac                    <\/h2>\n                    <div class=\"content-text\">\n                        <p>\n                            Hap llogari n\u00eb Swinto dhe merr kredi nga partneri yn\u00eb Virtus Lending 100% Online  brenda disa minutave p\u00ebrmes aplikacionit.                        <\/p>\n                    <\/div>\n                    <div class=\"info-list mt-40\">\n                    \t                        <div class=\"card mb-30\">\n                            <div class=\"card-icon border radius-md\">\n                                <i class=\"flaticon-app-installation\"><\/i>\n                            <\/div>\n                            <div class=\"card-content\">\n                                <h6 class=\"card-title mb-2\">Koh\u00ebzgjatje deri n\u00eb 24 muaj<\/h6>\n                                <p class=\"card-text\"><\/p>\n                            <\/div>\n                        <\/div>\n                                                <div class=\"card mb-30\">\n                            <div class=\"card-icon border radius-md\">\n                                <i class=\"flaticon-version\"><\/i>\n                            <\/div>\n                            <div class=\"card-content\">\n                                <h6 class=\"card-title mb-2\">Aprovim automatik<\/h6>\n                                <p class=\"card-text\"><\/p>\n                            <\/div>\n                        <\/div>\n                                            <\/div>\n                    <div class=\"btn-groups gap-25 mt-10\" data-aos=\"fade-up\">\n                        <a href=\"https:\/\/portal.swinto.com\/register\" class=\"btn btn-lg btn-primary icon-end\" title=\"Learn More\" target=\"_self\">Apliko Tani <i class=\"fal fa-long-arrow-right\"><\/i><\/a>\n                    <\/div>\n                <\/div>\n            <\/div>\n        <\/div>\n    <\/div>\n<\/section>\n\t\t\t\t<\/div>\n\t\t\t\t<\/div>\n\t\t\t\t\t<\/div>\n\t\t<\/div>\n\t\t\t\t\t<\/div>\n\t\t<\/section>\n\t\t<div class=\"elementor-element elementor-element-fddcd4b e-flex e-con-boxed e-con e-parent\" data-id=\"fddcd4b\" data-element_type=\"container\" data-e-type=\"container\">\n\t\t\t\t\t<div class=\"e-con-inner\">\n\t\t\t\t<div class=\"elementor-element elementor-element-1e1a1e1 elementor-widget elementor-widget-heading\" data-id=\"1e1a1e1\" data-element_type=\"widget\" data-e-type=\"widget\" data-widget_type=\"heading.default\">\n\t\t\t\t<div class=\"elementor-widget-container\">\n\t\t\t\t\t<h2 class=\"elementor-heading-title elementor-size-default\">Pyetje t\u00eb Shpeshta<\/h2>\t\t\t\t<\/div>\n\t\t\t\t<\/div>\n\t\t\t\t\t<\/div>\n\t\t\t\t<\/div>\n\t\t<div class=\"elementor-element elementor-element-752e6b4 e-flex e-con-boxed e-con e-parent\" data-id=\"752e6b4\" data-element_type=\"container\" data-e-type=\"container\">\n\t\t\t\t\t<div class=\"e-con-inner\">\n\t\t\t\t<div class=\"elementor-element elementor-element-5d3ee35 elementor-widget elementor-widget-ucaddon_content_accordion\" data-id=\"5d3ee35\" data-element_type=\"widget\" data-e-type=\"widget\" data-widget_type=\"ucaddon_content_accordion.default\">\n\t\t\t\t<div class=\"elementor-widget-container\">\n\t\t\t\t\t\n<!-- start Content Accordion -->\n\t\t<link id='font-awesome-css' href='https:\/\/swinto.com\/wp-content\/plugins\/unlimited-elements-for-elementor\/assets_libraries\/font-awesome6\/fontawesome-all.min.css' type='text\/css' rel='stylesheet' >\n\t\t<link id='font-awesome-4-shim-css' href='https:\/\/swinto.com\/wp-content\/plugins\/unlimited-elements-for-elementor\/assets_libraries\/font-awesome6\/fontawesome-v4-shims.min.css' type='text\/css' rel='stylesheet' >\n\n<style>\/* widget: Content Accordion *\/\n\n\n\n#uc_content_accordion_elementor_5d3ee35 *{\n  box-sizing: border-box;\n}\n\n#uc_content_accordion_elementor_5d3ee35 .ue_heading_title{\n  margin:0;\n  flex-grow:1;\n  display:flex;\n  flex-direction:row;\n}\n\n#uc_content_accordion_elementor_5d3ee35 .uc_container .uc-heading{\n\tdisplay:flex;\n    align-items:center;\n\toverflow:hidden;\n\tcursor:pointer;  \n}\n\n#uc_content_accordion_elementor_5d3ee35 .uc_container .uc_content{\n    display:none;\n}\n\n#uc_content_accordion_elementor_5d3ee35 .uc_container .uc-heading span.ue_accordion_icon{\n\tdisplay:flex;\n    align-items:center;\n   \tjustify-content:center;\n    flex-grow:0;\n    flex-shrink:0;\n}\n\n#uc_content_accordion_elementor_5d3ee35 .uc_ac_box.uc-item-active span.uc_dactive{\n\tdisplay:none;\n}\n\n#uc_content_accordion_elementor_5d3ee35 .uc_ac_box:not(.uc-item-active) span.uc_active{\n\tdisplay:none;\n}\n\n#uc_content_accordion_elementor_5d3ee35 span.ue_accordion_icon svg{\n  height:1em;\n  width:1em;\n}\n\n#uc_content_accordion_elementor_5d3ee35 .uc_container .uc_btn {\n    text-align: center;\n    display: inline-block;\n    text-decoration: none;\n    transition: ease-in-out all 0.25s;\n}\n\n#uc_content_accordion_elementor_5d3ee35 .ue-item-image img{\n  width:100%;\n  display:block;\n  object-fit:cover;\n}\n\n<\/style>\n\n<div class=\"uc_material_accordion  \"  id=\"uc_content_accordion_elementor_5d3ee35\"  data-name=\"\" data-scroll=\"off\" data-offset=\"0\" data-closeothers=\"true\" data-set-hash=\"false\" >\n  <div class=\"uc_container uc-items-wrapper\">\n    \n\n\t\t\n\n\n<div id=\"#ue-tab1\" class=\"uc_ac_box elementor-repeater-item-23778b4 uc-item-active\" style=\"background-color:;\">\n  <a href=\"javascript:void(0)\" class=\"uc-heading uc_trigger\" role=\"button\">\n    <span class=\"uc_dactive bbb ue_accordion_icon\"><i class='fas fa-plus'><\/i><\/span> \n    <span class=\"uc_active bbb ue_accordion_icon\"><i class='fas fa-minus'><\/i><\/span>\n    <h6 class=\"ue_heading_title\">Sa \u00ebsht\u00eb shuma minimale dhe maksimale q\u00eb mund t\u00eb marr kredi?<\/h6>\n  <\/a>\n  \n  <div class=\"uc_content\" style='display:block'>\n        \n      \n         \n                        \n      \n              <div class=\"ue-item-text\"><p>N\u00eb Swinto Mobile App mund t\u00eb aplikoni p\u00ebr kredi cash, e cila financohet nga partneri yn\u00eb Virtus Lending. Shuma q\u00eb mund t\u00eb merrni varion nga 250 \u20ac deri n\u00eb 2,000 \u20ac, me afat kthimi fleksib\u00ebl nga 6 deri n\u00eb 24 muaj, sipas nevojave tuaja.<\/p><p>Gjat\u00eb aplikimit, mund t\u00eb zgjidhni shum\u00ebn q\u00eb d\u00ebshironi dhe afatin e kthimit q\u00eb ju p\u00ebrshtatet m\u00eb s\u00eb miri. N\u00eb Swinto Mobile App do t\u2019ju paraqiten menj\u00ebher\u00eb pagesa mujore, shuma totale p\u00ebr ta kthyer dhe interesi total i kthimit t\u00eb kredis\u00eb, duke ju mund\u00ebsuar nj\u00eb pamje t\u00eb qart\u00eb mbi detajet financiare t\u00eb kredis\u00eb. Kjo ju lejon t\u00eb planifikoni financat tuaja n\u00eb m\u00ebnyr\u00eb t\u00eb sigurt\u00eb, transparente dhe pa stres.<\/p><\/div>\n      \n              \n      <\/div> \n<\/div>\n\n\n\n\n\n<div id=\"#ue-tab2\" class=\"uc_ac_box elementor-repeater-item-f709489 \" style=\"background-color:;\">\n  <a href=\"javascript:void(0)\" class=\"uc-heading uc_trigger\" role=\"button\">\n    <span class=\"uc_dactive bbb ue_accordion_icon\"><i class='fas fa-plus'><\/i><\/span> \n    <span class=\"uc_active bbb ue_accordion_icon\"><i class='fas fa-minus'><\/i><\/span>\n    <h6 class=\"ue_heading_title\">Cilat jan\u00eb normat e interesit?<\/h6>\n  <\/a>\n  \n  <div class=\"uc_content\" >\n        \n      \n         \n                        \n      \n              <div class=\"ue-item-text\"><p><span data-teams=\"true\">Norma e interesit p\u00ebrcaktohet nga disa faktor\u00eb, p\u00ebrfshir\u00eb shum\u00ebn totale t\u00eb kredis\u00eb dhe kohezgjatjen e kthimit t\u00eb kredis\u00eb. Gjat\u00eb procesit t\u00eb aplikimit n\u00eb Swinto Mobile App, do t\u2019ju shfaqet oferta specifike p\u00ebr ju, duke p\u00ebrfshir\u00eb norm\u00ebn e sakt\u00eb t\u00eb interesit, pages\u00ebn mujore dhe shum\u00ebn totale p\u00ebr kthim, n\u00eb m\u00ebnyr\u00eb q\u00eb t\u00eb keni nj\u00eb pamje t\u00eb qart\u00eb dhe t\u00eb planifikoni financat tuaja.<\/span><\/p><\/div>\n      \n              \n      <\/div> \n<\/div>\n\n\n\n\n\n<div id=\"#ue-tab3\" class=\"uc_ac_box elementor-repeater-item-b781bf5 \" style=\"background-color:;\">\n  <a href=\"javascript:void(0)\" class=\"uc-heading uc_trigger\" role=\"button\">\n    <span class=\"uc_dactive bbb ue_accordion_icon\"><i class='fas fa-plus'><\/i><\/span> \n    <span class=\"uc_active bbb ue_accordion_icon\"><i class='fas fa-minus'><\/i><\/span>\n    <h6 class=\"ue_heading_title\">A mund t\u00eb marr kredi pa kolateral?<\/h6>\n  <\/a>\n  \n  <div class=\"uc_content\" >\n        \n      \n         \n                        \n      \n              <div class=\"ue-item-text\"><p>Po, procesi i aplikimit, vler\u00ebsimit t\u00eb riskut kreditor dhe disbursimi i kredis\u00eb realizohet 100% online dhe n\u00eb m\u00ebnyr\u00eb automatike, pa nevoj\u00ebn p\u00ebr bashk\u00ebhuamarr\u00ebs, kolateral ose garantues.<\/p><p>P\u00ebr t\u00eb aplikuar p\u00ebr kredi n\u00eb Swinto Mobile App, ju duhet t\u00eb keni histori kreditor t\u00eb mir\u00eb dhe nj\u00eb llogari aktive n\u00eb Swinto. Kjo e b\u00ebn t\u00eb mundur q\u00eb \u00e7do klient q\u00eb plot\u00ebson kriteret t\u00eb aplikoj\u00eb p\u00ebr kredi shpejt, thjesht\u00eb dhe direkt online p\u00ebrmes Aplikacionit.<\/p><\/div>\n      \n              \n      <\/div> \n<\/div>\n\n\n\n\n\n<div id=\"#ue-tab4\" class=\"uc_ac_box elementor-repeater-item-19df49f \" style=\"background-color:;\">\n  <a href=\"javascript:void(0)\" class=\"uc-heading uc_trigger\" role=\"button\">\n    <span class=\"uc_dactive bbb ue_accordion_icon\"><i class='fas fa-plus'><\/i><\/span> \n    <span class=\"uc_active bbb ue_accordion_icon\"><i class='fas fa-minus'><\/i><\/span>\n    <h6 class=\"ue_heading_title\">Sa koh\u00eb zgjat procesi i miratimit?<\/h6>\n  <\/a>\n  \n  <div class=\"uc_content\" >\n        \n      \n         \n                        \n      \n              <div class=\"ue-item-text\"><p><span data-teams=\"true\">Procesi i aplikimit, miratimit dhe disbursimit t\u00eb kredis\u00eb realizohet brenda 5 minutave, n\u00eb m\u00ebnyr\u00eb 100% online dhe automatike p\u00ebrmes Swinto Mobile App.<\/span><\/p><\/div>\n      \n              \n      <\/div> \n<\/div>\n\n  <\/div>\n<\/div>\n\n\n<!-- end Content Accordion -->\t\t\t\t<\/div>\n\t\t\t\t<\/div>\n\t\t\t\t\t<\/div>\n\t\t\t\t<\/div>\n\t\t<div class=\"elementor-element elementor-element-e5836fb e-con-full e-flex e-con e-parent\" data-id=\"e5836fb\" data-element_type=\"container\" data-e-type=\"container\">\n\t\t\t\t<div class=\"elementor-element elementor-element-91ca392 elementor-align-left elementor-widget elementor-widget-bdevs-newsletter-widget\" data-id=\"91ca392\" data-element_type=\"widget\" data-e-type=\"widget\" data-widget_type=\"bdevs-newsletter-widget.default\">\n\t\t\t\t<div class=\"elementor-widget-container\">\n\t\t\t\t\t<section class=\"newsletter-area newsletter-1\">\r\n    <div class=\"newsletter-inner position-relative z-1 px-60\">\r\n        <div class=\"overlay bg-primary opacity-1\"><\/div>\r\n        <div class=\"container\">\r\n            <div class=\"row align-items-center\" data-aos=\"fade-up\">\r\n                <div class=\"col-lg-6\">\r\n                    <div class=\"content ptb-30\">\r\n                        <h2 class=\"color-white mb-30\">Shkarko Aplikacionin Swinto Falas<\/h2>\r\n                        <div class=\"content-text w-75 w-sm-100\">\r\n                            <p class=\"text color-white\">Krijo nj\u00eb rrjet financiar t\u00eb suksessh\u00ebm dhe menaxho parat\u00eb tuaja n\u00eb \u00e7do moment<\/p>\r\n                        <\/div>\r\n                        <div class=\" btn-groups mt-30\">\r\n                            <a href=\"https:\/\/apps.apple.com\/al\/app\/swinto\/id1593659577\" class=\"btn btn-img radius-md\" title=\"App Store\" target=\"_blank\">\r\n                                <img decoding=\"async\" class=\"lazyload blur-up\" src=\"\" data-src=\"http:\/\/swinto.com\/wp-content\/uploads\/2023\/11\/app-store.png\" alt=\"App Store\">\r\n                            <\/a>\r\n                            <a href=\"https:\/\/play.google.com\/store\/apps\/details?id=com.swinto.swinto&amp;hl=en\" class=\"btn btn-img radius-md\" title=\"Play Store\" target=\"_blank\">\r\n                                <img decoding=\"async\" class=\"lazyload blur-up\" src=\"\" data-src=\"http:\/\/swinto.com\/wp-content\/uploads\/2023\/11\/play-store.png\" alt=\"App Store\">\r\n                            <\/a>\r\n                        <\/div>\r\n                    <\/div>\r\n                <\/div>\r\n                <div class=\"col-lg-6 align-self-end\">\r\n                    <div class=\"image d-none d-lg-block\">\r\n                        <img decoding=\"async\" class=\"lazyload blur-up\" src=\"\" data-src=\"http:\/\/swinto.com\/wp-content\/uploads\/2025\/02\/TELEFONAT-1-1.png\" alt=\"Image\">\r\n                    <\/div>\r\n                <\/div>\r\n            <\/div>\r\n        <\/div>\r\n    <\/div>\r\n<\/section>\r\n\t\t\t\t<\/div>\n\t\t\t\t<\/div>\n\t\t\t\t<\/div>\n\t\t\t\t<\/div>\n\t\t","protected":false},"excerpt":{"rendered":"<p>Kredi Ballina Kredi Swinto | Virtus Lending Apliko p\u00ebr Kredi Online nga 250\u20ac deri 2,000\u20ac Hap llogari n\u00eb Swinto dhe merr kredi nga partneri yn\u00eb Virtus Lending 100% Online brenda disa minutave p\u00ebrmes aplikacionit. Koh\u00ebzgjatje deri n\u00eb 24 muaj Aprovim automatik Apliko Tani Pyetje t\u00eb Shpeshta Sa \u00ebsht\u00eb shuma minimale dhe maksimale q\u00eb mund t\u00eb [&hellip;]<\/p>\n","protected":false},"author":1,"featured_media":1357,"parent":0,"menu_order":0,"comment_status":"closed","ping_status":"closed","template":"page-templates\/home-template.php","meta":{"inline_featured_image":false,"footnotes":""},"class_list":["post-2202","page","type-page","status-publish","has-post-thumbnail","hentry"],"_links":{"self":[{"href":"https:\/\/swinto.com\/al\/wp-json\/wp\/v2\/pages\/2202","targetHints":{"allow":["GET"]}}],"collection":[{"href":"https:\/\/swinto.com\/al\/wp-json\/wp\/v2\/pages"}],"about":[{"href":"https:\/\/swinto.com\/al\/wp-json\/wp\/v2\/types\/page"}],"author":[{"embeddable":true,"href":"https:\/\/swinto.com\/al\/wp-json\/wp\/v2\/users\/1"}],"replies":[{"embeddable":true,"href":"https:\/\/swinto.com\/al\/wp-json\/wp\/v2\/comments?post=2202"}],"version-history":[{"count":8,"href":"https:\/\/swinto.com\/al\/wp-json\/wp\/v2\/pages\/2202\/revisions"}],"predecessor-version":[{"id":2315,"href":"https:\/\/swinto.com\/al\/wp-json\/wp\/v2\/pages\/2202\/revisions\/2315"}],"wp:featuredmedia":[{"embeddable":true,"href":"https:\/\/swinto.com\/al\/wp-json\/wp\/v2\/media\/1357"}],"wp:attachment":[{"href":"https:\/\/swinto.com\/al\/wp-json\/wp\/v2\/media?parent=2202"}],"curies":[{"name":"wp","href":"https:\/\/api.w.org\/{rel}","templated":true}]}}