{"id":1796,"date":"2025-02-21T14:01:25","date_gmt":"2025-02-21T14:01:25","guid":{"rendered":"https:\/\/swinto.com\/?page_id=1796"},"modified":"2025-06-18T09:49:22","modified_gmt":"2025-06-18T08:49:22","slug":"get-swinto","status":"publish","type":"page","link":"https:\/\/swinto.com\/al\/get-swinto\/","title":{"rendered":"Get Swinto"},"content":{"rendered":"\t\t<div data-elementor-type=\"wp-page\" data-elementor-id=\"1796\" class=\"elementor elementor-1796\">\n\t\t\t\t\t\t<section class=\"elementor-section elementor-top-section elementor-element elementor-element-5ba9c22 elementor-section-full_width elementor-section-height-default elementor-section-height-default\" data-id=\"5ba9c22\" data-element_type=\"section\" data-e-type=\"section\">\n\t\t\t\t\t\t<div class=\"elementor-container elementor-column-gap-no\">\n\t\t\t\t\t<div class=\"elementor-column elementor-col-100 elementor-top-column elementor-element elementor-element-412f08f\" data-id=\"412f08f\" data-element_type=\"column\" data-e-type=\"column\">\n\t\t\t<div class=\"elementor-widget-wrap elementor-element-populated\">\n\t\t\t\t\t\t<div class=\"elementor-element elementor-element-d810c46 elementor-align-left elementor-widget elementor-widget-bdevs-slider-home3-widget\" data-id=\"d810c46\" data-element_type=\"widget\" data-e-type=\"widget\" data-widget_type=\"bdevs-slider-home3-widget.default\">\n\t\t\t\t<div class=\"elementor-widget-container\">\n\t\t\t\t\t<section class=\"hero-banner hero-banner-3 bg-cover bg-img\" data-bg-image=\"http:\/\/swinto.com\/wp-content\/uploads\/2025\/06\/BG-FOTO-NEW.png\">\n    <div class=\"container\">\n        <div class=\"row align-items-center gx-xl-5\">\n            <div class=\"col-lg-6\">\n                <div class=\"banner-content mb-40\">\n                    <h1 class=\"title color-white mb-30\" data-aos=\"fade-up\" data-aos-delay=\"100\">Swinto, Kuleta juaj digjitale<\/h1>\n                    <p class=\"text color-white\" data-aos=\"fade-up\" data-aos-delay=\"100\">Shkarko aplikacionin <strong>Swinto<\/strong> dhe hap llogarin\u00eb <strong>falas<\/strong>, p\u00ebrfitoni nga sh\u00ebrbimet 100% online.                    <\/p>\n                    <div class=\"cta-btn mt-40 btn-groups\" data-aos=\"fade-up\" data-aos-delay=\"200\">\n                        <a href=\"https:\/\/apps.apple.com\/al\/app\/swinto\/id1593659577\" class=\"btn btn-img radius-md\" title=\"App Store\" target=\"_blank\">\n                            <img class=\"lazyload blur-up\" data-src=\"http:\/\/swinto.com\/wp-content\/uploads\/2025\/02\/APP-STORE-2.png\" alt=\"App Store\">\n                        <\/a>\n                        <a href=\"https:\/\/play.google.com\/store\/apps\/details?id=com.swinto.swinto\" class=\"btn btn-img radius-md\" title=\"Play Store\" target=\"_blank\">\n                            <img class=\"lazyload blur-up\" data-src=\"http:\/\/swinto.com\/wp-content\/uploads\/2025\/02\/PLAY-STORE-2.png\" alt=\"App Store\">\n                        <\/a>\n                    <\/div>\n                <\/div>\n            <\/div>\n            <div class=\"col-lg-6\" data-aos=\"fade-up\">\n                <div class=\"banner-image mb-40\">\n                    <img class=\"lazyload blur-up\" data-src=\"http:\/\/swinto.com\/wp-content\/uploads\/2025\/02\/TELEFONAT-1.1.png\" alt=\"Banner Image\">\n                <\/div>\n            <\/div>\n        <\/div>\n    <\/div>\n<\/section>\n\n\n\t\t\t\t<\/div>\n\t\t\t\t<\/div>\n\t\t\t\t\t<\/div>\n\t\t<\/div>\n\t\t\t\t\t<\/div>\n\t\t<\/section>\n\t\t\t\t<section class=\"elementor-section elementor-top-section elementor-element elementor-element-cd94fd4 elementor-section-full_width elementor-section-height-default elementor-section-height-default\" data-id=\"cd94fd4\" data-element_type=\"section\" data-e-type=\"section\" data-settings=\"{&quot;background_background&quot;:&quot;video&quot;}\">\n\t\t\t\t\t\t<div class=\"elementor-container elementor-column-gap-no\">\n\t\t\t\t\t<div class=\"elementor-column elementor-col-100 elementor-top-column elementor-element elementor-element-32c7cd9\" data-id=\"32c7cd9\" data-element_type=\"column\" data-e-type=\"column\">\n\t\t\t<div class=\"elementor-widget-wrap\">\n\t\t\t\t\t\t\t<\/div>\n\t\t<\/div>\n\t\t\t\t\t<\/div>\n\t\t<\/section>\n\t\t\t\t<section class=\"elementor-section elementor-top-section elementor-element elementor-element-d93cd46 elementor-section-full_width elementor-section-height-default elementor-section-height-default\" data-id=\"d93cd46\" data-element_type=\"section\" data-e-type=\"section\">\n\t\t\t\t\t\t<div class=\"elementor-container elementor-column-gap-no\">\n\t\t\t\t\t<div class=\"elementor-column elementor-col-100 elementor-top-column elementor-element elementor-element-4105b96\" data-id=\"4105b96\" data-element_type=\"column\" data-e-type=\"column\">\n\t\t\t<div class=\"elementor-widget-wrap elementor-element-populated\">\n\t\t\t\t\t\t<div class=\"elementor-element elementor-element-86fa992 elementor-align-left elementor-widget elementor-widget-bdevs-screenshot-home3-widget\" data-id=\"86fa992\" data-element_type=\"widget\" data-e-type=\"widget\" data-widget_type=\"bdevs-screenshot-home3-widget.default\">\n\t\t\t\t<div class=\"elementor-widget-container\">\n\t\t\t\t\t<section class=\"screenshot-area pb-100\">\n    <div class=\"container-fluid px-0\">\n        <div class=\"row\">\n            <div class=\"col-12\">\n                <div class=\"section-title title-center mb-50\" data-aos=\"fade-up\">\n                    <span class=\"color-primary\"><\/span>\n                    <h2 class=\"title mt-0\">Aplikacioni Swinto<\/h2>\n                <\/div>\n            <\/div>\n            <div class=\"col-12\" data-aos=\"fade-up\">\n                <div class=\"swiper screenshot-slider\" id=\"screenshot-slider-3\" data-slides-per-view=\"5\">\n                    <div class=\"swiper-wrapper\">\n                    \t\t                        <div class=\"swiper-slide radius-lg\">\n\t                            <img class=\"lazyload\" data-src=\"http:\/\/swinto.com\/wp-content\/uploads\/2025\/02\/TELEFONI-SC-5.2.png\" alt=\"Image\">\n\t                        <\/div>\n\t                    \t                        <div class=\"swiper-slide radius-lg\">\n\t                            <img class=\"lazyload\" data-src=\"http:\/\/swinto.com\/wp-content\/uploads\/2025\/02\/TELEFONI-SC-5.4.png\" alt=\"Image\">\n\t                        <\/div>\n\t                    \t                        <div class=\"swiper-slide radius-lg\">\n\t                            <img class=\"lazyload\" data-src=\"http:\/\/swinto.com\/wp-content\/uploads\/2025\/02\/TELEFONI-SC-5.1.png\" alt=\"Image\">\n\t                        <\/div>\n\t                    \t                        <div class=\"swiper-slide radius-lg\">\n\t                            <img class=\"lazyload\" data-src=\"http:\/\/swinto.com\/wp-content\/uploads\/2025\/02\/TELEFONI-SC-5.5-2.png\" alt=\"Image\">\n\t                        <\/div>\n\t                    \t                        <div class=\"swiper-slide radius-lg\">\n\t                            <img class=\"lazyload\" data-src=\"http:\/\/swinto.com\/wp-content\/uploads\/2025\/02\/TELEFONI-SC-5.3-1.png\" alt=\"Image\">\n\t                        <\/div>\n\t                                        <\/div>\n                    <!-- Slider pagination's -->\n                    <div class=\"swiper-pagination position-static mt-40\" id=\"screenshot-slider-3-pagination\"><\/div>\n                <\/div>\n            <\/div>\n        <\/div>\n    <\/div>\n<\/section>\n\n\n\t\t\t\t<\/div>\n\t\t\t\t<\/div>\n\t\t\t\t\t<\/div>\n\t\t<\/div>\n\t\t\t\t\t<\/div>\n\t\t<\/section>\n\t\t\t\t<section class=\"elementor-section elementor-top-section elementor-element elementor-element-ec9a39a elementor-section-full_width elementor-section-height-default elementor-section-height-default\" data-id=\"ec9a39a\" data-element_type=\"section\" data-e-type=\"section\">\n\t\t\t\t\t\t<div class=\"elementor-container elementor-column-gap-no\">\n\t\t\t\t\t<div class=\"elementor-column elementor-col-100 elementor-top-column elementor-element elementor-element-f7726cc\" data-id=\"f7726cc\" data-element_type=\"column\" data-e-type=\"column\">\n\t\t\t<div class=\"elementor-widget-wrap elementor-element-populated\">\n\t\t\t\t\t\t<div class=\"elementor-element elementor-element-37595f1 elementor-align-left elementor-widget elementor-widget-bdevs-newsletter-home3-widget\" data-id=\"37595f1\" data-element_type=\"widget\" data-e-type=\"widget\" data-widget_type=\"bdevs-newsletter-home3-widget.default\">\n\t\t\t\t<div class=\"elementor-widget-container\">\n\t\t\t\t\t<section class=\"newsletter-area newsletter-2\">\n    <div class=\"container\">\n        <div class=\"newsletter-inner position-relative z-1\">\n            <div class=\"overlay bg-gradient opacity-1 radius-lg\"><\/div>\n            <div class=\"row gutter-0 align-items-center\" data-aos=\"fade-up\">\n                <div class=\"col-lg-6\">\n                    <div class=\"content px-60 ptb-30\">\n                        <h2 class=\"color-white mb-30\">Shkarko Aplikacionin Swinto Falas<\/h2>\n                        <div class=\"content-text w-75 w-sm-100\">\n                            <p class=\"text color-white\">Krijo nj\u00eb rrjet financiar t\u00eb suksessh\u00ebm\ndhe menaxho parat\u00eb tuaja n\u00eb \u00e7do moment<\/p>\n                        <\/div>\n                        <div class=\" btn-groups mt-30\">\n                            <a href=\"https:\/\/apps.apple.com\/al\/app\/swinto\/id1593659577\" class=\"btn btn-img radius-md\" title=\"App Store\" target=\"_blank\">\n                                <img class=\"lazyload blur-up\"\n                                    data-src=\"https:\/\/shtheme.com\/demosd\/teeno\/wp-content\/uploads\/2023\/11\/app-store.png\" alt=\"App Store\">\n                            <\/a>\n                            <a href=\"https:\/\/play.google.com\/store\/apps\/details?id=com.swinto.swinto&amp;hl=en\" class=\"btn btn-img radius-md\" title=\"Play Store\" target=\"_blank\">\n                                <img class=\"lazyload blur-up\"\n                                    data-src=\"https:\/\/shtheme.com\/demosd\/teeno\/wp-content\/uploads\/2023\/11\/play-store.png\" alt=\"App Store\">\n                            <\/a>\n                        <\/div>\n                    <\/div>\n                <\/div>\n                <div class=\"col-lg-6 align-self-end\">\n                    <div class=\"image d-none d-lg-block\">\n                        <img class=\"lazyload blur-up\"\n                            data-src=\"http:\/\/swinto.com\/wp-content\/uploads\/2025\/02\/TELEFONAT-4-1.png\" alt=\"Image\">\n                    <\/div>\n                <\/div>\n            <\/div>\n        <\/div>\n    <\/div>\n<\/section>\n\t\t\t\t<\/div>\n\t\t\t\t<\/div>\n\t\t\t\t\t<\/div>\n\t\t<\/div>\n\t\t\t\t\t<\/div>\n\t\t<\/section>\n\t\t\t\t<\/div>\n\t\t","protected":false},"excerpt":{"rendered":"<p>Swinto, Kuleta juaj digjitale Shkarko aplikacionin Swinto dhe hap llogarin\u00eb falas, p\u00ebrfitoni nga sh\u00ebrbimet 100% online. Aplikacioni Swinto Shkarko Aplikacionin Swinto Falas Krijo nj\u00eb rrjet financiar t\u00eb suksessh\u00ebm dhe menaxho parat\u00eb tuaja n\u00eb \u00e7do moment<\/p>\n","protected":false},"author":1,"featured_media":1357,"parent":0,"menu_order":0,"comment_status":"closed","ping_status":"closed","template":"page-templates\/home3-template.php","meta":{"inline_featured_image":false,"footnotes":""},"class_list":["post-1796","page","type-page","status-publish","has-post-thumbnail","hentry"],"_links":{"self":[{"href":"https:\/\/swinto.com\/al\/wp-json\/wp\/v2\/pages\/1796","targetHints":{"allow":["GET"]}}],"collection":[{"href":"https:\/\/swinto.com\/al\/wp-json\/wp\/v2\/pages"}],"about":[{"href":"https:\/\/swinto.com\/al\/wp-json\/wp\/v2\/types\/page"}],"author":[{"embeddable":true,"href":"https:\/\/swinto.com\/al\/wp-json\/wp\/v2\/users\/1"}],"replies":[{"embeddable":true,"href":"https:\/\/swinto.com\/al\/wp-json\/wp\/v2\/comments?post=1796"}],"version-history":[{"count":16,"href":"https:\/\/swinto.com\/al\/wp-json\/wp\/v2\/pages\/1796\/revisions"}],"predecessor-version":[{"id":2170,"href":"https:\/\/swinto.com\/al\/wp-json\/wp\/v2\/pages\/1796\/revisions\/2170"}],"wp:featuredmedia":[{"embeddable":true,"href":"https:\/\/swinto.com\/al\/wp-json\/wp\/v2\/media\/1357"}],"wp:attachment":[{"href":"https:\/\/swinto.com\/al\/wp-json\/wp\/v2\/media?parent=1796"}],"curies":[{"name":"wp","href":"https:\/\/api.w.org\/{rel}","templated":true}]}}