{"id":1785,"date":"2025-02-21T13:35:49","date_gmt":"2025-02-21T13:35:49","guid":{"rendered":"https:\/\/swinto.com\/?page_id=1785"},"modified":"2025-06-17T13:54:24","modified_gmt":"2025-06-17T12:54:24","slug":"cookies","status":"publish","type":"page","link":"https:\/\/swinto.com\/al\/cookies\/","title":{"rendered":"Cookies"},"content":{"rendered":"\t\t<div data-elementor-type=\"wp-page\" data-elementor-id=\"1785\" class=\"elementor elementor-1785\">\n\t\t\t\t\t\t<section class=\"elementor-section elementor-top-section elementor-element elementor-element-0684be8 elementor-section-full_width elementor-section-height-default elementor-section-height-default\" data-id=\"0684be8\" data-element_type=\"section\" data-e-type=\"section\">\n\t\t\t\t\t\t<div class=\"elementor-container elementor-column-gap-no\">\n\t\t\t\t\t<div class=\"elementor-column elementor-col-100 elementor-top-column elementor-element elementor-element-690c573\" data-id=\"690c573\" data-element_type=\"column\" data-e-type=\"column\">\n\t\t\t<div class=\"elementor-widget-wrap elementor-element-populated\">\n\t\t\t\t\t\t<div class=\"elementor-element elementor-element-5c60a6e elementor-align-left elementor-widget elementor-widget-bdevs-title-widget\" data-id=\"5c60a6e\" data-element_type=\"widget\" data-e-type=\"widget\" data-widget_type=\"bdevs-title-widget.default\">\n\t\t\t\t<div class=\"elementor-widget-container\">\n\t\t\t\t\t<div class=\"page-title-area pb-100 bg-light bg-img\" data-bg-image=\"http:\/\/swinto.com\/wp-content\/uploads\/2025\/06\/BG-WHITE-2.png\" style=\"background: url(http:\/\/swinto.com\/wp-content\/uploads\/2025\/06\/BG-WHITE-2.png);\">\n    <div class=\"container\">\n        <div class=\"content text-center\">\n            <h2>Cookies<\/h2>\n            <nav aria-label=\"breadcrumb\">\n                <ol class=\"breadcrumb\">\n                    <li class=\"breadcrumb-item\"><a href=\"http:\/\/swinto.com\">Ballina<\/a><\/li>\n                    <li class=\"breadcrumb-item active\" aria-current=\"page\">Cookies<\/li>\n                <\/ol>\n            <\/nav>\n        <\/div>\n    <\/div>\n    <!-- Bg colors -->\n    <svg class=\"mw-100 bg bg-1\" data-src=\"\" data-unique-ids=\"disabled\"\n        data-cache=\"disabled\"><\/svg>\n    <svg class=\"mw-100 bg bg-2\" data-src=\"\" data-unique-ids=\"disabled\"\n        data-cache=\"disabled\"><\/svg>\n<\/div>\n\n\t\t\t\t<\/div>\n\t\t\t\t<\/div>\n\t\t\t\t\t<\/div>\n\t\t<\/div>\n\t\t\t\t\t<\/div>\n\t\t<\/section>\n\t\t\t\t<section class=\"elementor-section elementor-top-section elementor-element elementor-element-1160c07 elementor-section-full_width elementor-section-height-default elementor-section-height-default\" data-id=\"1160c07\" data-element_type=\"section\" data-e-type=\"section\">\n\t\t\t\t\t\t<div class=\"elementor-container elementor-column-gap-no\">\n\t\t\t\t\t<div class=\"elementor-column elementor-col-100 elementor-top-column elementor-element elementor-element-138f2ba\" data-id=\"138f2ba\" data-element_type=\"column\" data-e-type=\"column\">\n\t\t\t<div class=\"elementor-widget-wrap elementor-element-populated\">\n\t\t\t\t\t\t<div class=\"elementor-element elementor-element-6ca585b elementor-align-left elementor-widget elementor-widget-bdevs-terms-widget\" data-id=\"6ca585b\" data-element_type=\"widget\" data-e-type=\"widget\" data-widget_type=\"bdevs-terms-widget.default\">\n\t\t\t\t<div class=\"elementor-widget-container\">\n\t\t\t\t\t<section class=\"terms-condition-area pt-100 pb-70\">\r\n    <div class=\"container\">\r\n        <div class=\"row\">\r\n            <div class=\"col-lg-9 col-md-12 m-auto\">\r\n            \t\t                <div class=\"item-single radius-md mb-30\" data-aos=\"fade-up\">\r\n\t                    <h4>I nderuar vizitor i faqes ton\u00eb,<\/h4>\n                        <p>Jemi t\u00eb lumtur q\u00eb keni treguar interesim p\u00ebr Swinto dhe sh\u00ebrbimet financiare q\u00eb ne ofrojm\u00eb. Mbrojtja e t\u00eb dh\u00ebnave p\u00ebrsonale \u00ebsht\u00eb prioritet i lart\u00eb p\u00ebr ne. P\u00ebrdorimi i faqeve t\u00eb internetit t\u00eb Swinto \u00ebsht\u00eb i mundur, megjithat\u00eb, n\u00ebse nj\u00eb subjekt i t\u00eb dh\u00ebnave d\u00ebshiron t\u00eb p\u00ebrdor\u00eb sh\u00ebrbime t\u00eb ve\u00e7anta p\u00ebrmes faqes son\u00eb t\u00eb internetit, p\u00ebrpunimi i t\u00eb dh\u00ebnave personale mund t\u00eb jet\u00eb i domosdosh\u00ebm. N\u00ebse p\u00ebrpunimi i t\u00eb dh\u00ebnave personale \u00ebsht\u00eb i domosdosh\u00ebm dhe nuk ka baz\u00eb ligjore p\u00ebr k\u00ebt\u00eb p\u00ebrpunim, ne duhet t\u00eb marrim p\u00eblqimin nga subjekti i t\u00eb dh\u00ebnave.\n<\/p>\t                <\/div>\r\n\t            \t                <div class=\"item-single radius-md mb-30\" data-aos=\"fade-up\">\r\n\t                    <h4>I. \u201cCookies\u201d<\/h4>\n<p>\n    Faqet tona t\u00eb Internetit t\u00eb p\u00ebrmendura m\u00eb lart\u00eb p\u00ebrdorin \u201ccookies\u201d. \u201cCookies\u201d jan\u00eb skedar\u00eb teksti q\u00eb ruhen n\u00eb nj\u00eb sistem kompjuterik n\u00ebp\u00ebrmjet nj\u00eb shfletuesi t\u00eb internetit. Shum\u00eb faqe interneti dhe server\u00eb p\u00ebrdorin cookies. Shum\u00eb cookies p\u00ebrmbajn\u00eb nj\u00eb t\u00eb ashtuquajtur \u201cID cookies\u201d. Nj\u00eb \u201cID cookie\u201d \u00ebsht\u00eb identifikues unik i cookies. P\u00ebrb\u00ebhet nga nj\u00eb varg karakteresh p\u00ebrmes s\u00eb cil\u00ebs mund t\u00eb caktohen faqet e Internetit dhe server\u00ebt n\u00eb shfletuesin specifik t\u00eb Internetit n\u00eb t\u00eb cilin \u00ebsht\u00eb ruajtur cookie. Kjo i lejon faqet dhe server\u00ebt e vizituar t\u00eb internetit t\u00eb b\u00ebjn\u00eb dallimin mes shfletuesit individual t\u00eb subjektit t\u00eb t\u00eb dh\u00ebnave nga shfletues t\u00eb tjer\u00eb t\u00eb internetit q\u00eb p\u00ebrmbajn\u00eb cookies t\u00eb tjera. Nj\u00eb shfletues i ve\u00e7ant\u00eb i internetit mund t\u00eb njihet dhe identifikohet duke p\u00ebrdorur cookie ID unike.\n<\/p>\n\n<p>\n    P\u00ebrmes p\u00ebrdorimit t\u00eb cookies, ne mund t\u2019u ofrojm\u00eb p\u00ebrdoruesve t\u00eb k\u00ebsaj faqeje t\u00eb internetit sh\u00ebrbime m\u00eb t\u00eb lehta p\u00ebr p\u00ebrdoruesit q\u00eb nuk do t\u00eb ishin t\u00eb mundshme pa vendosjen e cookies. Me an\u00eb t\u00eb nj\u00eb cookie, informacioni dhe ofertat n\u00eb faqen ton\u00eb t\u00eb internetit mund t\u00eb optimizohen duke pasur n\u00eb mendje p\u00ebrdoruesin. Cookies na lejojn\u00eb, si\u00e7 u p\u00ebrmend m\u00eb par\u00eb, t\u00eb njohim p\u00ebrdoruesit e faqes ton\u00eb. Q\u00ebllimi i k\u00ebsaj njohje \u00ebsht\u00eb q\u00eb t\u2019ua leht\u00ebsoj\u00eb p\u00ebrdoruesve shfryt\u00ebzimin e faqes ton\u00eb t\u00eb internetit. P\u00ebrdoruesi i faqes q\u00eb p\u00ebrdor cookies, p.sh. nuk duhet t\u00eb sh\u00ebnoj\u00eb t\u00eb dh\u00ebnat p\u00ebr qasje sa her\u00eb q\u00eb qaset n\u00eb faqen e internetit, sepse kjo b\u00ebhet nga faqja e internetit, dhe cookie \u00ebsht\u00eb ruajtur n\u00eb sistemin e kompjuterit t\u00eb p\u00ebrdoruesit.\n<\/p>\n\n<p>\n    Subjekti i t\u00eb dh\u00ebnave mundet n\u00eb \u00e7do koh\u00eb t\u00eb parandaloj\u00eb vendosjen e cookies n\u00ebp\u00ebrmjet faqes son\u00eb t\u00eb internetit me an\u00eb t\u00eb nj\u00eb aranzhimi korresponduese t\u00eb shfletuesit t\u00eb internetit dhe k\u00ebshtu mund t\u00eb mohoj\u00eb p\u00ebrgjithmon\u00eb vendosjen e cookies. P\u00ebr m\u00eb tep\u00ebr, cookies tashm\u00eb t\u00eb vendosura mund t\u00eb fshihen n\u00eb \u00e7do koh\u00eb n\u00ebp\u00ebrmjet shfletuesit t\u00eb internetit ose programeve t\u00eb tjera softuerike. Kjo \u00ebsht\u00eb e mundur n\u00eb t\u00eb gjith\u00eb shfletuesit e internetit. N\u00ebse subjekti i t\u00eb dh\u00ebnave deaktivizon vendosjen e cookies n\u00eb shfletuesin e Internetit, jo t\u00eb gjitha funksionet e faqes son\u00eb t\u00eb internetit mund t\u00eb jen\u00eb plot\u00ebsisht t\u00eb p\u00ebrdorshme.\n<\/p>\t                <\/div>\r\n\t            \t                <div class=\"item-single radius-md mb-30\" data-aos=\"fade-up\">\r\n\t                    <h4>II. Mbledhja e t\u00eb dh\u00ebnave dhe informacionit t\u00eb p\u00ebrgjithsh\u00ebm<\/h4>\n\n<p>\n    Faqja e internetit e Swinto mbledh nj\u00eb s\u00ebr\u00eb t\u00eb dh\u00ebnash dhe informacioneve t\u00eb p\u00ebrgjithshme kur nj\u00eb subjekt i t\u00eb dh\u00ebnave ose nj\u00eb sistem i automatizuar qaset n\u00eb faqen ton\u00eb t\u00eb internetit. K\u00ebto t\u00eb dh\u00ebna dhe informacione t\u00eb p\u00ebrgjithshme ruhen n\u00eb skedar\u00ebt e regjistrit t\u00eb serverit. Mund t\u00eb mblidhen:\n<\/p>\n<ul>\n    <li>Llojet e shfletuesit dhe versionet e p\u00ebrdorura;<\/li>\n    <li>Sistemi operativ i p\u00ebrdorur nga sistemi i qasjes;<\/li>\n    <li>Faqja e internetit nga e cila nj\u00eb sistem qas\u00ebs lidhet n\u00eb faqen ton\u00eb t\u00eb internetit (t\u00eb ashtuquajturat referues);<\/li>\n    <li>N\u00ebnfaqet e internetit;<\/li>\n    <li>Data dhe koha e hyrjes n\u00eb faqen e internetit;<\/li>\n    <li>Adresa e protokollit t\u00eb internetit (IP adresa);<\/li>\n    <li>Ofruesi i sh\u00ebrbimit t\u00eb internetit; dhe<\/li>\n    <li>T\u00eb gjitha t\u00eb dh\u00ebnat dhe informatat e tjera t\u00eb ngjashme q\u00eb mund t\u00eb p\u00ebrdoren n\u00eb rast t\u00eb sulmeve ndaj sistemeve tona t\u00eb teknologjis\u00eb s\u00eb informacionit.<\/li>\n<\/ul>\n\n<p>\n    Kur p\u00ebrdorni k\u00ebto t\u00eb dh\u00ebna dhe informacione t\u00eb p\u00ebrgjithshme, ne nuk nxjerrim asnj\u00eb konkluzion rreth subjektit t\u00eb t\u00eb dh\u00ebnave. P\u00ebrkundrazi, ky informacion \u00ebsht\u00eb i nevojsh\u00ebm p\u00ebr t\u00eb:\n<\/p>\n<ul>\n    <li>Ofruar p\u00ebrmbajtjen e faqes son\u00eb t\u00eb internetit n\u00eb m\u00ebnyr\u00eb korrekte;<\/li>\n    <li>T\u00eb optimizoj\u00eb p\u00ebrmbajtjen e faqes son\u00eb t\u00eb internetit, si dhe reklamat e saj;<\/li>\n    <li>T\u00eb siguroj\u00eb q\u00ebndrueshm\u00ebrin\u00eb afatgjate t\u00eb sistemeve t\u00eb teknologjis\u00eb informative dhe t\u00eb teknologjis\u00eb s\u00eb internetit;<\/li>\n    <li>U japin autoriteteve t\u00eb zbatimit t\u00eb ligjit informacionin e nevojsh\u00ebm n\u00eb rast t\u00eb nj\u00eb sulmi kibernetik.<\/li>\n<\/ul>\n\n<p>\n    Prandaj, ne analizojm\u00eb statistikisht t\u00eb dh\u00ebnat dhe informacionet e mbledhura n\u00eb m\u00ebnyr\u00eb anonime, me q\u00ebllim rritjen e mbrojtjes s\u00eb t\u00eb dh\u00ebnave dhe siguris\u00eb s\u00eb t\u00eb dh\u00ebnave t\u00eb kompanis\u00eb son\u00eb dhe p\u00ebr t\u00eb siguruar nj\u00eb nivel optimal t\u00eb mbrojtjes p\u00ebr t\u00eb dh\u00ebnat personale q\u00eb ne p\u00ebrpunojm\u00eb. T\u00eb dh\u00ebnat anonime t\u00eb skedar\u00ebve t\u00eb logut t\u00eb server\u00ebve ruhen ve\u00e7mas nga t\u00eb gjitha t\u00eb dh\u00ebnat personale t\u00eb ofruara nga nj\u00eb subjekt i t\u00eb dh\u00ebnave.\n<\/p>\n\t                <\/div>\r\n\t            \t                <div class=\"item-single radius-md mb-30\" data-aos=\"fade-up\">\r\n\t                    <h4>III. Regjistrimi n\u00eb faqen ton\u00eb t\u00eb internetit<\/h4>\n\n<p>\n    Subjekti i t\u00eb dh\u00ebnave ka mund\u00ebsi t\u00eb regjistrohet n\u00eb faqen tone t\u00eb internetit duke treguar t\u00eb dh\u00ebnat personale. T\u00eb dh\u00ebnat personale t\u00eb dh\u00ebna nga subjekti i t\u00eb dh\u00ebnave grumbullohen dhe ruhen ekskluzivisht p\u00ebr p\u00ebrdorim t\u00eb brendsh\u00ebm nga Swinto, dhe p\u00ebr q\u00ebllimet e veta. Ne mund t\u00eb k\u00ebrkojm\u00eb transferim tek nj\u00eb ose m\u00eb shum\u00eb p\u00ebrpunues, i cili gjithashtu p\u00ebrdor t\u00eb dh\u00ebna personale p\u00ebr nj\u00eb q\u00ebllim t\u00eb brendsh\u00ebm q\u00eb i atribuohet Swinto Sh.a.\n<\/p>\n\n<p>\n    Duke u regjistruar n\u00eb faqen ton\u00eb t\u00eb internetit, ruhet IP adresa, e caktuar nga ofruesi i sh\u00ebrbimit t\u00eb internetit (ISP), koha dhe data e regjistrimit nga subjekti i t\u00eb dh\u00ebnave. Ruajtja e k\u00ebtyre t\u00eb dh\u00ebnave b\u00ebhet n\u00eb sfond sepse kjo \u00ebsht\u00eb m\u00ebnyra e vetme p\u00ebr t\u00eb parandaluar keqp\u00ebrdorimin e sh\u00ebrbimeve tona dhe, n\u00ebse \u00ebsht\u00eb e nevojshme, p\u00ebr t\u00eb b\u00ebr\u00eb t\u00eb mundur hetimin e veprave t\u00eb kryera. Ruajtja e k\u00ebtyre t\u00eb dh\u00ebnave \u00ebsht\u00eb e nevojshme p\u00ebr t\u00eb siguruar Swinto Sh.a. K\u00ebto t\u00eb dh\u00ebna nuk u transferohen pal\u00ebve t\u00eb treta p\u00ebrve\u00e7 n\u00ebse ka detyrim ligjor p\u00ebr transferimin e t\u00eb dh\u00ebnave.\n<\/p>\n\n<p>\n    Regjistrimi i subjektit t\u00eb t\u00eb dh\u00ebnave, duke treguar t\u00eb dh\u00ebnat personale n\u00eb m\u00ebnyr\u00eb vullnetare, synon q\u00eb t\u2019i mund\u00ebsoj Swinto Sh.a q\u00eb subjekteve t\u00eb t\u00eb dh\u00ebnave t\u2019u ofroj\u00eb p\u00ebrmbajtje ose sh\u00ebrbime q\u00eb mund t\u2019u ofrohen vet\u00ebm p\u00ebrdoruesve t\u00eb regjistruar. Personat e regjistruar jan\u00eb t\u00eb lir\u00eb t\u00eb ndryshojn\u00eb t\u00eb dh\u00ebnat personale t\u00eb p\u00ebrcaktuara gjat\u00eb regjistrimit n\u00eb \u00e7do koh\u00eb ose t\u2019i fshijn\u00eb ato t\u00ebr\u00ebsisht nga t\u00eb dh\u00ebnat e Swinto Sh.a.\n<\/p>\n\n<p>\n    Swinto Sh.a, n\u00eb \u00e7do koh\u00eb, pas k\u00ebrkes\u00ebs do t\u2019i jap\u00eb informacione secilit subjekt t\u00eb t\u00eb dh\u00ebnave lidhur me at\u00eb se cilat t\u00eb dh\u00ebna personale ruhen n\u00eb lidhje me subjektin e t\u00eb dh\u00ebnave. P\u00ebrve\u00e7 k\u00ebsaj, ne do t\u00eb korrigjojm\u00eb ose fshijm\u00eb t\u00eb dh\u00ebnat personale pas k\u00ebrkes\u00ebs nga subjekti i t\u00eb dh\u00ebnave, p\u00ebrderisa nuk ka obligim p\u00ebr ruajtjen e detyrueshme t\u00eb t\u00eb dh\u00ebnave. (Posta elektronike n\u00eb vijim \u00ebsht\u00eb n\u00eb dispozicion t\u00eb subjekteve t\u00eb t\u00eb dh\u00ebnave n\u00eb k\u00ebt\u00eb aspekt: <a href=\"mailto:info@swinto.com\">info@swinto.com<\/a>)\n<\/p>\t                <\/div>\r\n\t            \t                <div class=\"item-single radius-md mb-30\" data-aos=\"fade-up\">\r\n\t                    <h4>IV. Mund\u00ebsia p\u00ebr kontaktim n\u00ebp\u00ebrmjet faqes s\u00eb internetit<\/h4>\n\n<p class=\"mb-0\">\n    Faqja jon\u00eb e internetit p\u00ebrmban informata q\u00eb mund\u00ebsojn\u00eb nj\u00eb kontakt t\u00eb shpejt\u00eb elektronik me ne, si dhe komunikim t\u00eb drejtp\u00ebrdrejt\u00eb, i cili gjithashtu p\u00ebrfshin nj\u00eb post\u00eb elektronike (email adres\u00eb). N\u00ebse nj\u00eb subjekt i t\u00eb dh\u00ebnave kontakton Swinto Sh.a me e-mail ose n\u00ebp\u00ebrmjet nj\u00eb form\u00eb tjet\u00ebr kontakti, t\u00eb dh\u00ebnat personale t\u00eb transmetuara nga subjekti i t\u00eb dh\u00ebnave ruhen automatikisht.\n<\/p>\n\n<p class=\"mb-0\">\n    T\u00eb dh\u00ebnat e tilla personale t\u00eb transmetuara n\u00eb baza vullnetare nga nj\u00eb subjekt i t\u00eb dh\u00ebnave n\u00eb Swinto ruhen me q\u00ebllim t\u00eb p\u00ebrpunimit ose kontaktimit t\u00eb subjektit t\u00eb t\u00eb dh\u00ebnave. K\u00ebto t\u00eb dh\u00ebna personale nuk do t\u00eb transferohen tek pal\u00ebt e treta.\n<\/p>\n\t                <\/div>\r\n\t                        <\/div>\r\n        <\/div>\r\n    <\/div>\r\n<\/section>\r\n\t\t\t\t<\/div>\n\t\t\t\t<\/div>\n\t\t\t\t\t<\/div>\n\t\t<\/div>\n\t\t\t\t\t<\/div>\n\t\t<\/section>\n\t\t\t\t<section class=\"elementor-section elementor-top-section elementor-element elementor-element-9d2508b elementor-section-full_width elementor-section-height-default elementor-section-height-default\" data-id=\"9d2508b\" data-element_type=\"section\" data-e-type=\"section\">\n\t\t\t\t\t\t<div class=\"elementor-container elementor-column-gap-no\">\n\t\t\t\t\t<div class=\"elementor-column elementor-col-100 elementor-top-column elementor-element elementor-element-95e28d3\" data-id=\"95e28d3\" data-element_type=\"column\" data-e-type=\"column\">\n\t\t\t<div class=\"elementor-widget-wrap elementor-element-populated\">\n\t\t\t\t\t\t<div class=\"elementor-element elementor-element-8c95cdc elementor-align-left elementor-widget elementor-widget-bdevs-newsletter-widget\" data-id=\"8c95cdc\" data-element_type=\"widget\" data-e-type=\"widget\" data-widget_type=\"bdevs-newsletter-widget.default\">\n\t\t\t\t<div class=\"elementor-widget-container\">\n\t\t\t\t\t<section class=\"newsletter-area newsletter-1\">\r\n    <div class=\"newsletter-inner position-relative z-1 px-60\">\r\n        <div class=\"overlay bg-primary opacity-1\"><\/div>\r\n        <div class=\"container\">\r\n            <div class=\"row align-items-center\" data-aos=\"fade-up\">\r\n                <div class=\"col-lg-6\">\r\n                    <div class=\"content ptb-30\">\r\n                        <h2 class=\"color-white mb-30\">Shkarko Aplikacionin Swinto Falas<\/h2>\r\n                        <div class=\"content-text w-75 w-sm-100\">\r\n                            <p class=\"text color-white\">Krijo nj\u00eb rrjet financiar t\u00eb suksessh\u00ebm dhe menaxho parat\u00eb tuaja n\u00eb \u00e7do moment<\/p>\r\n                        <\/div>\r\n                        <div class=\" btn-groups mt-30\">\r\n                            <a href=\"https:\/\/apps.apple.com\/us\/app\/swinto\/id1593659577\" class=\"btn btn-img radius-md\" title=\"App Store\" target=\"_blank\">\r\n                                <img decoding=\"async\" class=\"lazyload blur-up\" src=\"https:\/\/shtheme.com\/demosd\/teeno\/wp-content\/uploads\/2023\/11\/placeholder.png\" data-src=\"https:\/\/shtheme.com\/demosd\/teeno\/wp-content\/uploads\/2023\/11\/app-store.png\" alt=\"App Store\">\r\n                            <\/a>\r\n                            <a href=\"https:\/\/play.google.com\/store\/apps\/details?id=com.swinto.swinto&amp;hl=en\" class=\"btn btn-img radius-md\" title=\"Play Store\" target=\"_blank\">\r\n                                <img decoding=\"async\" class=\"lazyload blur-up\" src=\"https:\/\/shtheme.com\/demosd\/teeno\/wp-content\/uploads\/2023\/11\/placeholder.png\" data-src=\"https:\/\/shtheme.com\/demosd\/teeno\/wp-content\/uploads\/2023\/11\/play-store.png\" alt=\"App Store\">\r\n                            <\/a>\r\n                        <\/div>\r\n                    <\/div>\r\n                <\/div>\r\n                <div class=\"col-lg-6 align-self-end\">\r\n                    <div class=\"image d-none d-lg-block\">\r\n                        <img decoding=\"async\" class=\"lazyload blur-up\" src=\"https:\/\/shtheme.com\/demosd\/teeno\/wp-content\/uploads\/2023\/11\/placeholder.png\" data-src=\"http:\/\/swinto.com\/wp-content\/uploads\/2025\/02\/TELEFONAT-1-1.png\" alt=\"Image\">\r\n                    <\/div>\r\n                <\/div>\r\n            <\/div>\r\n        <\/div>\r\n    <\/div>\r\n<\/section>\r\n\t\t\t\t<\/div>\n\t\t\t\t<\/div>\n\t\t\t\t\t<\/div>\n\t\t<\/div>\n\t\t\t\t\t<\/div>\n\t\t<\/section>\n\t\t\t\t<\/div>\n\t\t","protected":false},"excerpt":{"rendered":"<p>Cookies Ballina Cookies I nderuar vizitor i faqes ton\u00eb, Jemi t\u00eb lumtur q\u00eb keni treguar interesim p\u00ebr Swinto dhe sh\u00ebrbimet financiare q\u00eb ne ofrojm\u00eb. Mbrojtja e t\u00eb dh\u00ebnave p\u00ebrsonale \u00ebsht\u00eb prioritet i lart\u00eb p\u00ebr ne. P\u00ebrdorimi i faqeve t\u00eb internetit t\u00eb Swinto \u00ebsht\u00eb i mundur, megjithat\u00eb, n\u00ebse nj\u00eb subjekt i t\u00eb dh\u00ebnave d\u00ebshiron t\u00eb p\u00ebrdor\u00eb [&hellip;]<\/p>\n","protected":false},"author":1,"featured_media":286,"parent":0,"menu_order":0,"comment_status":"closed","ping_status":"closed","template":"page-templates\/home-template.php","meta":{"inline_featured_image":false,"footnotes":""},"class_list":["post-1785","page","type-page","status-publish","has-post-thumbnail","hentry"],"_links":{"self":[{"href":"https:\/\/swinto.com\/al\/wp-json\/wp\/v2\/pages\/1785","targetHints":{"allow":["GET"]}}],"collection":[{"href":"https:\/\/swinto.com\/al\/wp-json\/wp\/v2\/pages"}],"about":[{"href":"https:\/\/swinto.com\/al\/wp-json\/wp\/v2\/types\/page"}],"author":[{"embeddable":true,"href":"https:\/\/swinto.com\/al\/wp-json\/wp\/v2\/users\/1"}],"replies":[{"embeddable":true,"href":"https:\/\/swinto.com\/al\/wp-json\/wp\/v2\/comments?post=1785"}],"version-history":[{"count":7,"href":"https:\/\/swinto.com\/al\/wp-json\/wp\/v2\/pages\/1785\/revisions"}],"predecessor-version":[{"id":2167,"href":"https:\/\/swinto.com\/al\/wp-json\/wp\/v2\/pages\/1785\/revisions\/2167"}],"wp:featuredmedia":[{"embeddable":true,"href":"https:\/\/swinto.com\/al\/wp-json\/wp\/v2\/media\/286"}],"wp:attachment":[{"href":"https:\/\/swinto.com\/al\/wp-json\/wp\/v2\/media?parent=1785"}],"curies":[{"name":"wp","href":"https:\/\/api.w.org\/{rel}","templated":true}]}}